{"id":105,"date":"2018-03-19T16:06:41","date_gmt":"2018-03-19T15:06:41","guid":{"rendered":"http:\/\/ela-asso.lu\/?page_id=105"},"modified":"2024-02-28T11:38:20","modified_gmt":"2024-02-28T10:38:20","slug":"faire-un-don","status":"publish","type":"page","link":"https:\/\/ela-asso.lu\/lu\/faire-un-don\/","title":{"rendered":"Faire un don"},"content":{"rendered":"<h2 style=\"text-align: center;\"><span style=\"color: #e41871;\">Votre don est leur espoir<\/span><\/h2>\n<p>&nbsp;<\/p>\n<h4><a href=\"https:\/\/www.paypal.com\/donate\/?hosted_button_id=EJVFTG8UW3K3Y\"><strong><img decoding=\"async\" loading=\"lazy\" class=\"alignnone size-full wp-image-2286 aligncenter\" src=\"https:\/\/ela-asso.lu\/wp-content\/uploads\/2024\/02\/CB-button-3001.png\" alt=\"paiement carte bancaire bouton\" width=\"300\" height=\"60\" \/><\/strong><\/a><\/h4>\n<p>&nbsp;<\/p>\n<h4 style=\"text-align: center;\"><a href=\"https:\/\/www.paypal.com\/donate\/?hosted_button_id=EJVFTG8UW3K3Y\"><strong> <img decoding=\"async\" loading=\"lazy\" class=\"alignnone size-full wp-image-2287 aligncenter\" src=\"https:\/\/ela-asso.lu\/wp-content\/uploads\/2024\/02\/Paypal-button-300px1.png\" alt=\"Bouton paypal\" width=\"300\" height=\"58\" \/><\/strong><\/a><\/h4>\n<h3><\/h3>\n<p>&nbsp;<\/p>\n<h3 style=\"text-align: center;\"><strong>OU<br \/>\n<\/strong><strong>Virement bancaire<\/strong><\/h3>\n<p style=\"text-align: center;\"><span style=\"color: #e41871;\"><strong>Compte ELA Luxembourg<\/strong><\/span><br \/>\nBanque: BGL-BNP Paribas<br \/>\nCode BIC: BGLLLULL<br \/>\nNum\u00e9ro IBAN: LU03 0030 7539 5205 0000<\/p>\n<p>&nbsp;<\/p>\n<h3 style=\"text-align: center;\"><strong>OU<\/strong><br \/>\n<strong>Scannez les QR pour faire un don via Paypal ou Payconiq<\/strong><\/h3>\n<h4><\/h4>\n<h4><strong><img decoding=\"async\" loading=\"lazy\" class=\"size-full wp-image-2277 aligncenter\" src=\"https:\/\/ela-asso.lu\/wp-content\/uploads\/2023\/12\/Paypal-logo40-e1702294068517.png\" alt=\"Paypal logo\" width=\"100\" height=\"27\" \/><\/strong><\/h4>\n<p style=\"text-align: center;\"><img decoding=\"async\" loading=\"lazy\" class=\"size-full wp-image-2271 aligncenter\" src=\"https:\/\/ela-asso.lu\/wp-content\/uploads\/2023\/12\/QR-Code-2.png\" alt=\"QR code Paypal\" width=\"128\" height=\"128\" \/><\/p>\n<h4><\/h4>\n<h4><strong><img decoding=\"async\" loading=\"lazy\" class=\"size-full wp-image-2278 aligncenter\" src=\"https:\/\/ela-asso.lu\/wp-content\/uploads\/2023\/12\/payconiq-logo40-e1702294263471.png\" alt=\"payconiq logo\" width=\"127\" height=\"27\" \/><\/strong><\/h4>\n<h4><img decoding=\"async\" loading=\"lazy\" class=\"aligncenter wp-image-2275\" src=\"https:\/\/ela-asso.lu\/wp-content\/uploads\/2023\/12\/QR-undefined-655224cceb41c3728e58e380-1700229768277-150x150.png\" alt=\"\" width=\"128\" height=\"128\" srcset=\"https:\/\/ela-asso.lu\/wp-content\/uploads\/2023\/12\/QR-undefined-655224cceb41c3728e58e380-1700229768277-150x150.png 150w, https:\/\/ela-asso.lu\/wp-content\/uploads\/2023\/12\/QR-undefined-655224cceb41c3728e58e380-1700229768277.png 250w\" sizes=\"(max-width: 128px) 100vw, 128px\" \/><\/h4>\n<p>&nbsp;<\/p>\n<h4><\/h4>\n<hr \/>\n<h5 style=\"text-align: center;\"><strong>Votre don est <span style=\"color: #333333;\">fiscalement<\/span> d\u00e9ductible conform\u00e9ment \u00e0 l\u2019article 109, alin\u00e9a 1 n\u00b03 de la loi sur l\u2019imp\u00f4t sur le revenu.<\/strong><\/h5>\n<p>Merci de nous laisser votre adresse email pour obtenir un re\u00e7u fiscal :<\/p>\n<div class=\"wpforms-container wpforms-container-full\" id=\"wpforms-2280\"><form id=\"wpforms-form-2280\" class=\"wpforms-validate wpforms-form\" data-formid=\"2280\" method=\"post\" enctype=\"multipart\/form-data\" action=\"\/lu\/wp-json\/wp\/v2\/pages\/105\"><div class=\"wpforms-field-container\"><div id=\"wpforms-2280-field_1-container\" class=\"wpforms-field wpforms-field-email\" data-field-id=\"1\"><label class=\"wpforms-field-label\" for=\"wpforms-2280-field_1\">E-mail <span class=\"wpforms-required-label\">*<\/span><\/label><input type=\"email\" id=\"wpforms-2280-field_1\" class=\"wpforms-field-medium wpforms-field-required\" name=\"wpforms[fields][1]\" required><\/div><\/div><div class=\"wpforms-field wpforms-field-hp\"><label for=\"wpforms-2280-field-hp\" class=\"wpforms-field-label\">Website<\/label><input type=\"text\" name=\"wpforms[hp]\" id=\"wpforms-2280-field-hp\" class=\"wpforms-field-medium\"><\/div><div class=\"wpforms-submit-container\" ><input type=\"hidden\" name=\"wpforms[id]\" value=\"2280\"><input type=\"hidden\" name=\"wpforms[author]\" value=\"1\"><button type=\"submit\" name=\"wpforms[submit]\" class=\"wpforms-submit \" id=\"wpforms-submit-2280\" value=\"wpforms-submit\" aria-live=\"assertive\" data-alt-text=\"Envoi...\" data-submit-text=\"Envoyer\">Envoyer<\/button><\/div><\/form><\/div>  <!-- .wpforms-container -->\n<p>&nbsp;<\/p>\n","protected":false},"excerpt":{"rendered":"<p>Votre don est leur espoir &nbsp; &nbsp; &nbsp; OU Virement bancaire Compte ELA Luxembourg Banque: BGL-BNP Paribas Code BIC: BGLLLULL Num\u00e9ro IBAN: LU03 0030 7539 5205 0000 &nbsp; OU Scannez les QR pour faire un don via Paypal ou Payconiq &nbsp; Votre don est fiscalement d\u00e9ductible conform\u00e9ment \u00e0 l\u2019article 109,<span class=\"more-link\"><a href=\"https:\/\/ela-asso.lu\/lu\/faire-un-don\/\">Read More &rarr;<\/a><\/span><\/p>\n","protected":false},"author":1,"featured_media":0,"parent":0,"menu_order":0,"comment_status":"closed","ping_status":"closed","template":"","meta":{"two_page_speed":[]},"_links":{"self":[{"href":"https:\/\/ela-asso.lu\/lu\/wp-json\/wp\/v2\/pages\/105"}],"collection":[{"href":"https:\/\/ela-asso.lu\/lu\/wp-json\/wp\/v2\/pages"}],"about":[{"href":"https:\/\/ela-asso.lu\/lu\/wp-json\/wp\/v2\/types\/page"}],"author":[{"embeddable":true,"href":"https:\/\/ela-asso.lu\/lu\/wp-json\/wp\/v2\/users\/1"}],"replies":[{"embeddable":true,"href":"https:\/\/ela-asso.lu\/lu\/wp-json\/wp\/v2\/comments?post=105"}],"version-history":[{"count":26,"href":"https:\/\/ela-asso.lu\/lu\/wp-json\/wp\/v2\/pages\/105\/revisions"}],"predecessor-version":[{"id":2294,"href":"https:\/\/ela-asso.lu\/lu\/wp-json\/wp\/v2\/pages\/105\/revisions\/2294"}],"wp:attachment":[{"href":"https:\/\/ela-asso.lu\/lu\/wp-json\/wp\/v2\/media?parent=105"}],"curies":[{"name":"wp","href":"https:\/\/api.w.org\/{rel}","templated":true}]}}