{"id":1955,"date":"2020-05-22T16:29:28","date_gmt":"2020-05-22T14:29:28","guid":{"rendered":"http:\/\/ela-asso.lu\/?page_id=1955"},"modified":"2020-12-18T14:47:22","modified_gmt":"2020-12-18T13:47:22","slug":"mets-tes-baskets-app","status":"publish","type":"page","link":"https:\/\/ela-asso.lu\/lu\/mets-tes-baskets-app\/","title":{"rendered":"Mets Tes Baskets, d\u00e9couvrez l\u2019App !"},"content":{"rendered":"<p><img decoding=\"async\" loading=\"lazy\" class=\"alignnone size-full wp-image-1962\" src=\"http:\/\/ela-asso.lu\/wp-content\/uploads\/2020\/05\/Landingpagepic.png\" alt=\"\" width=\"1688\" height=\"829\" srcset=\"https:\/\/ela-asso.lu\/wp-content\/uploads\/2020\/05\/Landingpagepic.png 1688w, https:\/\/ela-asso.lu\/wp-content\/uploads\/2020\/05\/Landingpagepic-300x147.png 300w, https:\/\/ela-asso.lu\/wp-content\/uploads\/2020\/05\/Landingpagepic-768x377.png 768w, https:\/\/ela-asso.lu\/wp-content\/uploads\/2020\/05\/Landingpagepic-1024x503.png 1024w, https:\/\/ela-asso.lu\/wp-content\/uploads\/2020\/05\/Landingpagepic-465x228.png 465w, https:\/\/ela-asso.lu\/wp-content\/uploads\/2020\/05\/Landingpagepic-695x341.png 695w\" sizes=\"(max-width: 1688px) 100vw, 1688px\" \/><\/p>\n<h2 style=\"text-align: center;\">Jusqu&#8217;au mardi 30 Juin 2020<\/h2>\n<h1 style=\"text-align: center;\"><span style=\"color: #e71d73;\">Gr\u00e2ce \u00e0 l&#8217;App ELA<\/span><\/h1>\n<h3 style=\"text-align: center;\"><span style=\"color: #333333;\"><strong>D\u00e9fiez vos amis, votre famille, vos r\u00e9seaux ! <\/strong><\/span><\/h3>\n<h3 style=\"text-align: center;\"><span style=\"color: #333333;\"><strong>D\u00e9fiez-nous ! <\/strong><\/span><\/h3>\n<h2 style=\"text-align: center;\"><strong><big>Objectif : <span style=\"color: #e71d73;\">\u00ab 100.000 pas et 10\u20ac* pour ELA \u00bb<\/span><\/big><\/strong><\/h2>\n<p>1 \u2022 T\u00e9l\u00e9chargez l&#8217;App<span style=\"color: #e71d73;\"><strong>\u00ab Mets Tes Baskets \u00bb<\/strong><\/span> sur iOS ou Android (liens ci dessous).<\/p>\n<p>2 \u2022 Nominez 10 personnes pour relever le d\u00e9fi <span style=\"color: #e71d73;\"><strong>\u00ab f\u00e4nk m\u00e9ch wannste kanns \u00bb<\/strong><\/span>, <span style=\"color: #e71d73;\"><b>\u00ab Catch me if you can \u00bb<\/b><\/span> ou <b><span style=\"color: #e71d73;\">\u00ab Rattrape-moi si tu peux \u00bb<\/span><\/b> via Facebook, Instagram, WhatsApp, ou sms, qui \u00e0 leur tour devront nominer 10 personnes et ainsi de suite.<\/p>\n<p>3 \u2022 Marchez, courchez, courez, dansez, jonglez, squattez, pompez, ou ce que vous voudrez, et veillez \u00e0 ne pas vous faire d\u00e9passer !<\/p>\n<p>4 \u2022 A tout moment, communiquez le <span style=\"color: #e71d73;\">nombre de pas<\/span> que vous avez r\u00e9alis\u00e9 ainsi que votre<span style=\"color: #e71d73;\"> classement<\/span> et des<span style=\"color: #e71d73;\"> photos<\/span> ou <span style=\"color: #e71d73;\">vid\u00e9os<\/span> de vos exploits, gr\u00e2ce \u00e0 la fonctionnalit\u00e9 <span style=\"color: #e71d73;\"><strong>\u00ab partagez \u00bb<\/strong><\/span> de l&#8217;App.<\/p>\n<p>5 \u2022 Mardi 30 Juin, soyez parmi les <span style=\"color: #e71d73;\"><strong>10 premiers<\/strong><\/span> et gagnez des t-shirts d\u00e9dicac\u00e9s par nos marraines et parrains.<\/p>\n<p>&nbsp;<\/p>\n<h3 style=\"text-align: center;\"><strong>En 2020, on lance un essai clinique ! Chaque pas compte !<\/strong><\/h3>\n<p>&nbsp;<\/p>\n<h6 style=\"text-align: center;\"><span style=\"color: #808080;\"><em>* Vous avez la possibilit\u00e9 d&#8217;effectuer un don libre pour l&#8217;association ELA, et ainsi participer au financement d&#8217;un essai Clinique en 2020.<\/em><\/span><\/h6>\n<p><img decoding=\"async\" class=\"size-full wp-image-1876 aligncenter\" src=\"http:\/\/ela-asso.lu\/wp-content\/uploads\/2020\/05\/ArrowDn.png\" alt=\"\" width=\"20%\" \/><\/p>\n<table style=\"width: 100%;\">\n<tbody>\n<tr>\n<th style=\"width: 5%;\"><\/th>\n<th style=\"text-align: center;\" colspan=\"2\">\n<h2 style=\"text-align: center;\"><span style=\"color: #e71d73;\">1 \u2022 l&#8217;App ELA! <\/span><\/h2>\n<h2 style=\"text-align: center;\"><span style=\"color: #e71d73;\">je t\u00e9l\u00e9charge<\/span><\/h2>\n<h2 style=\"text-align: center;\"><\/h2>\n<\/th>\n<th style=\"width: 5%;\"><\/th>\n<\/tr>\n<\/tbody>\n<\/table>\n<table style=\"width: 100%;\">\n<tbody>\n<tr>\n<td style=\"width: 20%;\"><\/td>\n<th style=\"text-align: center;\" colspan=\"2\">iOS<\/th>\n<th style=\"text-align: center;\" colspan=\"2\">Android<\/th>\n<td style=\"width: 20%;\"><\/td>\n<\/tr>\n<tr>\n<td style=\"width: 20%;\"><\/td>\n<td style=\"width: 15%;\"><a href=\"https:\/\/apps.apple.com\/app\/id1501522923\"><img decoding=\"async\" class=\"wp-image-1806 size-full aligncenter\" src=\"http:\/\/ela-asso.lu\/wp-content\/uploads\/2020\/04\/picto-iOs-ok.png\" alt=\"\" width=\"60%\" \/><\/a><\/td>\n<td style=\"width: 15%;\"><img decoding=\"async\" class=\"size-full wp-image-1808 aligncenter\" src=\"http:\/\/ela-asso.lu\/wp-content\/uploads\/2020\/04\/QRCode_appli_MTB_iOS.png\" alt=\"\" width=\"70%\" srcset=\"https:\/\/ela-asso.lu\/wp-content\/uploads\/2020\/04\/QRCode_appli_MTB_iOS.png 300w, https:\/\/ela-asso.lu\/wp-content\/uploads\/2020\/04\/QRCode_appli_MTB_iOS-150x150.png 150w\" sizes=\"(max-width: 300px) 100vw, 300px\" \/><\/td>\n<td style=\"width: 15%;\"><a href=\"https:\/\/play.google.com\/store\/apps\/details?id=com.metstesbaskets\"><img decoding=\"async\" class=\"wp-image-1810 size-full aligncenter\" src=\"http:\/\/ela-asso.lu\/wp-content\/uploads\/2020\/04\/picto-android-ok.png\" alt=\"\" width=\"60%\" \/><\/a><\/td>\n<td style=\"width: 15%;\"><img decoding=\"async\" class=\"size-full wp-image-1807 aligncenter\" src=\"http:\/\/ela-asso.lu\/wp-content\/uploads\/2020\/04\/QRCode_appli_MTB_Android.png\" alt=\"\" width=\"70%\" srcset=\"https:\/\/ela-asso.lu\/wp-content\/uploads\/2020\/04\/QRCode_appli_MTB_Android.png 300w, https:\/\/ela-asso.lu\/wp-content\/uploads\/2020\/04\/QRCode_appli_MTB_Android-150x150.png 150w\" sizes=\"(max-width: 300px) 100vw, 300px\" \/><\/td>\n<td style=\"width: 20%;\"><\/td>\n<\/tr>\n<\/tbody>\n<\/table>\n<p>&nbsp;<\/p>\n<table style=\"width: 100%;\">\n<tbody>\n<tr>\n<th style=\"width: 5%;\"><\/th>\n<th style=\"width: 90%;\">\n<h2 style=\"text-align: center;\"><span style=\"color: #e71d73;\">2 \u2022 Je lance l\u2019App et saisis le code du challenge<\/span><\/h2>\n<h2 style=\"text-align: center;\"><span style=\"color: #e71d73;\">\u201cDo d\u00e9ng Turnschlappen un!\u201d :<\/span><\/h2>\n<h2 style=\"text-align: center;\"><span style=\"color: grey;\"><strong><big>0525<\/big><\/strong><\/span><\/h2>\n<p style=\"text-align: center;\">ou je scanne ce QR Code :<\/p>\n<p><img decoding=\"async\" class=\"size-full wp-image-1807 aligncenter\" src=\"http:\/\/ela-asso.lu\/wp-content\/uploads\/2020\/05\/0525.png\" alt=\"\" width=\"20%\" \/><\/p>\n<p style=\"text-align: center;\">Tutoriel d&#8217;utilisation de l&#8217;App Mets Tes Baskets ci dessous :<\/p>\n<\/th>\n<td style=\"width: 5%;\"><\/td>\n<\/tr>\n<\/tbody>\n<\/table>\n<p>&nbsp;<\/p>\n<table style=\"width: 100%;\">\n<tbody>\n<tr>\n<th style=\"width: 5%;\"><\/th>\n<th style=\"width: 90%;\">\n<h2 style=\"text-align: center;\"><span style=\"color: #e71d73;\">3 \u2022 Je partage et je soutiens !<\/span><\/h2>\n<\/th>\n<th style=\"width: 5%;\"><\/th>\n<\/tr>\n<\/tbody>\n<\/table>\n<h2 style=\"text-align: center;\"><span style=\"color: #e71d73;\"><strong><big>Suivez le guide<\/big><\/strong><\/span><\/h2>\n<table style=\"width: 100%;\">\n<tbody>\n<tr>\n<th style=\"width: 10%;\"><\/th>\n<td style=\"width: 30%;\"><img decoding=\"async\" class=\"size-full wp-image-1807 aligncenter\" src=\"http:\/\/ela-asso.lu\/wp-content\/uploads\/2020\/05\/DL-App-1.png\" alt=\"\" width=\"60%\" \/><\/td>\n<td style=\"width: 50%;\"><img decoding=\"async\" class=\"size-full wp-image-1807 aligncenter\" src=\"http:\/\/ela-asso.lu\/wp-content\/uploads\/2020\/05\/Opening.png\" alt=\"\" width=\"70%\" \/><\/td>\n<td style=\"width: 10%;\"><\/td>\n<\/tr>\n<tr>\n<th style=\"width: 10%;\"><\/th>\n<th style=\"width: 30%; text-align: center;\">T\u00e9l\u00e9chargez l&#8217;App<br \/>\n\u00ab Mets Tes Baskets \u00bb<\/th>\n<th style=\"width: 50%; text-align: center;\">Ne reste plus qu&#8217;\u00e0 la lancer !<\/th>\n<th style=\"width: 10%;\"><\/th>\n<\/tr>\n<\/tbody>\n<\/table>\n<p>&nbsp;<\/p>\n<h2 style=\"text-align: center;\"><span style=\"color: #e71d73;\"><strong>Pour vous connecter :<\/strong><\/span><\/h2>\n<table style=\"width: 100%;\">\n<tbody>\n<tr>\n<td style=\"width: 5%;\"><\/td>\n<td style=\"width: 30%;\"><img decoding=\"async\" class=\"size-full wp-image-1807 aligncenter\" src=\"http:\/\/ela-asso.lu\/wp-content\/uploads\/2020\/05\/Profil.png\" alt=\"\" width=\"80%\" \/><\/td>\n<td style=\"width: 30%;\"><img decoding=\"async\" class=\"size-full wp-image-1807 aligncenter\" src=\"http:\/\/ela-asso.lu\/wp-content\/uploads\/2020\/05\/Challenge-1.png\" alt=\"\" width=\"80%\" \/><\/td>\n<td style=\"width: 30%;\"><img decoding=\"async\" class=\"size-full wp-image-1807 aligncenter\" src=\"http:\/\/ela-asso.lu\/wp-content\/uploads\/2020\/05\/Success.png\" alt=\"\" width=\"80%\" \/><\/td>\n<td style=\"width: 5%;\"><\/td>\n<\/tr>\n<tr>\n<td style=\"width: 5%;\"><\/td>\n<th style=\"width: 30%; text-align: center;\">Renseignez votre nom &#038; pr\u00e9nom ou pseudo<\/th>\n<th style=\"width: 30%; text-align: center;\">Indiquez le N\u00b0 du Challenge ou scannez le QR Code<\/th>\n<th style=\"width: 30%; text-align: center;\">Vous voici inscrit !<\/th>\n<td style=\"width: 5%;\"><\/td>\n<\/tr>\n<\/tbody>\n<\/table>\n<p>&nbsp;<\/p>\n<h2 style=\"text-align: center;\"><span style=\"color: #e71d73;\"><strong>Bienvenue dans votre challenge !<\/strong><\/span><\/h2>\n<table style=\"width: 100%;\">\n<tbody>\n<tr>\n<td style=\"width: 10%;\"><\/td>\n<td style=\"width: 50%;\"><img decoding=\"async\" class=\"size-full wp-image-1807 aligncenter\" src=\"http:\/\/ela-asso.lu\/wp-content\/uploads\/2020\/05\/Home.png\" alt=\"\" width=\"100%\" \/><\/td>\n<th style=\"width: 30%; text-align: left;\">\n<p style=\"text-align: center;\">Onglet \u00ab Mes Pas \u00bb<\/p>\n<p>Depuis cet \u00e9cran :<\/p>\n<ul>\n<li>Je suis l&#8217;\u00e9volution de mes pas et la dur\u00e9e restante du challenge,<\/li>\n<\/ul>\n<ul>\n<li>Je partage mon action sur mes r\u00e9seaux sociaux,<\/li>\n<\/ul>\n<ul>\n<li>Je convertis mes pas en don.<\/li>\n<\/ul>\n<\/th>\n<td style=\"width: 10%;\"><\/td>\n<\/tr>\n<\/tbody>\n<\/table>\n<p>&nbsp;<\/p>\n<h2 style=\"text-align: center;\"><span style=\"color: #e71d73;\"><strong>Visualisez votre classement et les dons :<br \/>\n<\/strong><\/span><\/h2>\n<table style=\"width: 100%;\">\n<tbody>\n<tr>\n<td style=\"width: 27%;\"><img decoding=\"async\" class=\"size-full wp-image-1807 aligncenter\" src=\"http:\/\/ela-asso.lu\/wp-content\/uploads\/2020\/05\/R\u00e9sultats.png\" alt=\"\" width=\"80%\" \/><\/td>\n<td style=\"width: 46%;\"><img decoding=\"async\" class=\"size-full wp-image-1807 aligncenter\" src=\"http:\/\/ela-asso.lu\/wp-content\/uploads\/2020\/05\/Classement.png\" alt=\"\" width=\"100%\" \/><\/td>\n<td style=\"width: 27%;\"><img decoding=\"async\" class=\"size-full wp-image-1807 aligncenter\" src=\"http:\/\/ela-asso.lu\/wp-content\/uploads\/2020\/05\/Dons.png\" alt=\"\" width=\"80%\" \/><\/td>\n<\/tr>\n<tr>\n<th style=\"width: 27%; text-align: center;\">Cliquez sur l&#8217;onglet<br \/>\n\u00ab R\u00e9sultats \u00bb<\/th>\n<th style=\"width: 46%; text-align: center;\">Suivez le classement de ceux qui marchent pour ELA<br \/>\n<span style=\"color: #808080;\"><em>Mise \u00e0 jour des classements toutes les 15 minutes<\/em><\/span><\/th>\n<th style=\"width: 27%; text-align: center;\">Voyez directement l&#8217;impact de votre action !<\/th>\n<\/tr>\n<\/tbody>\n<\/table>\n<p>&nbsp;<\/p>\n<h2 style=\"text-align: center;\"><span style=\"color: #e71d73;\"><strong>Acc\u00e9dez \u00e0 vos param\u00e8tres et d\u00e9couvrez ELA :<\/strong><\/span><\/h2>\n<table style=\"width: 100%;\">\n<tbody>\n<tr>\n<td style=\"width: 20%;\"><\/td>\n<td style=\"width: 40%;\"><img decoding=\"async\" class=\"size-full wp-image-1807 aligncenter\" src=\"http:\/\/ela-asso.lu\/wp-content\/uploads\/2020\/05\/Discover-ELA-1.png\" alt=\"\" width=\"100%\" \/><\/td>\n<td style=\"width: 25%;\"><img decoding=\"async\" class=\"size-full wp-image-1807 aligncenter\" src=\"http:\/\/ela-asso.lu\/wp-content\/uploads\/2020\/05\/Settings-1.png\" alt=\"\" width=\"80%\" \/><\/td>\n<td style=\"width: 15%;\"><\/td>\n<\/tr>\n<tr>\n<td style=\"width: 20%;\"><\/td>\n<th style=\"text-align: center;\" colspan=\"2\">Onglet \u00ab Profil \u00bb : acc\u00e9dez \u00e0 votre profil, modifiez votre objectif de pas, actualisez le challenge et d\u00e9couvrez les actions d&#8217;ELA<\/th>\n<td style=\"width: 15%;\"><\/td>\n<\/tr>\n<\/tbody>\n<\/table>\n","protected":false},"excerpt":{"rendered":"<p>Jusqu&#8217;au mardi 30 Juin 2020 Gr\u00e2ce \u00e0 l&#8217;App ELA D\u00e9fiez vos amis, votre famille, vos r\u00e9seaux ! D\u00e9fiez-nous ! Objectif : \u00ab 100.000 pas et 10\u20ac* pour ELA \u00bb 1 \u2022 T\u00e9l\u00e9chargez l&#8217;App\u00ab Mets Tes Baskets \u00bb sur iOS ou Android (liens ci dessous). 2 \u2022 Nominez 10 personnes pour<span class=\"more-link\"><a href=\"https:\/\/ela-asso.lu\/lu\/mets-tes-baskets-app\/\">Read More &rarr;<\/a><\/span><\/p>\n","protected":false},"author":2,"featured_media":0,"parent":0,"menu_order":0,"comment_status":"closed","ping_status":"closed","template":"","meta":{"two_page_speed":[]},"_links":{"self":[{"href":"https:\/\/ela-asso.lu\/lu\/wp-json\/wp\/v2\/pages\/1955"}],"collection":[{"href":"https:\/\/ela-asso.lu\/lu\/wp-json\/wp\/v2\/pages"}],"about":[{"href":"https:\/\/ela-asso.lu\/lu\/wp-json\/wp\/v2\/types\/page"}],"author":[{"embeddable":true,"href":"https:\/\/ela-asso.lu\/lu\/wp-json\/wp\/v2\/users\/2"}],"replies":[{"embeddable":true,"href":"https:\/\/ela-asso.lu\/lu\/wp-json\/wp\/v2\/comments?post=1955"}],"version-history":[{"count":14,"href":"https:\/\/ela-asso.lu\/lu\/wp-json\/wp\/v2\/pages\/1955\/revisions"}],"predecessor-version":[{"id":1988,"href":"https:\/\/ela-asso.lu\/lu\/wp-json\/wp\/v2\/pages\/1955\/revisions\/1988"}],"wp:attachment":[{"href":"https:\/\/ela-asso.lu\/lu\/wp-json\/wp\/v2\/media?parent=1955"}],"curies":[{"name":"wp","href":"https:\/\/api.w.org\/{rel}","templated":true}]}}