{"id":215,"date":"2018-03-20T09:45:28","date_gmt":"2018-03-20T08:45:28","guid":{"rendered":"http:\/\/ela-asso.lu\/?page_id=215"},"modified":"2020-12-18T14:47:07","modified_gmt":"2020-12-18T13:47:07","slug":"accueil","status":"publish","type":"page","link":"https:\/\/ela-asso.lu\/lu\/accueil\/","title":{"rendered":"Accueil"},"content":{"rendered":"<p><img decoding=\"async\" loading=\"lazy\" class=\"alignnone size-full wp-image-426 aligncenter\" src=\"http:\/\/ela-asso.lu\/wp-content\/uploads\/2018\/03\/SpotZidaneBenjamin.jpg\" alt=\"\" width=\"768\" height=\"431\" srcset=\"https:\/\/ela-asso.lu\/wp-content\/uploads\/2018\/03\/SpotZidaneBenjamin.jpg 768w, https:\/\/ela-asso.lu\/wp-content\/uploads\/2018\/03\/SpotZidaneBenjamin-300x168.jpg 300w, https:\/\/ela-asso.lu\/wp-content\/uploads\/2018\/03\/SpotZidaneBenjamin-100x55.jpg 100w, https:\/\/ela-asso.lu\/wp-content\/uploads\/2018\/03\/SpotZidaneBenjamin-465x261.jpg 465w, https:\/\/ela-asso.lu\/wp-content\/uploads\/2018\/03\/SpotZidaneBenjamin-695x390.jpg 695w\" sizes=\"(max-width: 768px) 100vw, 768px\" \/><\/p>\n<p><em>Zin\u00e9dine Zidane, parrain embl\u00e9matique d&#8217;ELA<\/em><\/p>\n<p>&nbsp;<\/p>\n<p style=\"text-align: center;\"><span style=\"color: #e41871;\"><strong>VOUS COMPTEZ POUR ELA !<\/strong><\/span><\/p>\n<p>La Leucodystrophie est une maladie g\u00e9n\u00e9tique gravement invalidante qui touche tous les jours des enfants dans le monde.<\/p>\n<p>En 1992, Guy Alba fonde avec deux autres familles d\u2019enfants atteints par la maladie : ELA \u2013 Association Europ\u00e9enne contre les Leucodystrophies.<\/p>\n<p>En 2006, <span style=\"display: inline !important; float: none; background-color: transparent; color: #333333; cursor: text; font-family: Georgia,'Times New Roman','Bitstream Charter',Times,serif; font-size: 16px; font-style: normal; font-variant: normal; font-weight: 400; letter-spacing: normal; orphans: 2; text-align: left; text-decoration: none; text-indent: 0px; text-transform: none; -webkit-text-stroke-width: 0px; white-space: normal; word-spacing: 0px;\">ELA Luxembourg est cr\u00e9e et sera reconnue d&#8217;utilit\u00e9 publique en 2010. Jean-Paul Friedrich en est le Pr\u00e9sident et se bat tous les jours pour sensibiliser l&#8217;opinion publique, faire connaitre l&#8217;association et la maladie et participer, gr\u00e2ce \u00e0 vos dons, au financement de programmes de recherche.<\/span><\/p>\n<p>En 2015,\u00a0 ELA international est cr\u00e9e \u00e0 Luxembourg pour d\u00e9multiplier son action et accro\u00eetre les chances de faire avancer la recherche.<\/p>\n<p>Aujourd\u2019hui, ELA existe dans 9 pays (Allemagne, Belgique, Espagne, France, Italie, Japon, Luxembourg, Oc\u00e9an Indien, Suisse).<\/p>\n<p>Depuis 25 ans, ELA a permis d\u2019investir 42,6 millions d\u2019euros dans la recherche m\u00e9dicale ce qui correspond au financement de 497 programmes. ELA est le premier financeur de la recherche sur les leucodystrophies. Les fonds collect\u00e9s permettent aussi d&#8217;accompagner les familles et d\u2019apporter du confort aux enfants malades.<\/p>\n<p style=\"text-align: right;\"><span style=\"color: #e41871;\">ELA L\u2019ESPOIR EST L\u00c0 !<\/span><\/p>\n<p><span style=\"color: #e41871;\"><strong>Vous aussi vous p<span style=\"color: #e41871;\">ouvez contribuer \u00e0 la lutte contre les Leucodystrophies en aidant au d\u00e9veloppement de la recherch<\/span>e pour vaincre la maladie et redonner espoir aux enfants !<\/strong><\/span><\/p>\n<p><span style=\"color: #e41871;\"><strong>Sensibiliser autour de soi &#8211; Mobiliser les jeunes &#8211; Etre parrain &#8211; Etre partenaire &#8211; Organiser des actions en faveur d\u2019ELA &#8211; Faire un don &#8211; \u00c0 chacun son engagement ! ELA compte sur Vous !\u00a0<\/strong><\/span><\/p>\n","protected":false},"excerpt":{"rendered":"<p>Zin\u00e9dine Zidane, parrain embl\u00e9matique d&#8217;ELA &nbsp; VOUS COMPTEZ POUR ELA ! La Leucodystrophie est une maladie g\u00e9n\u00e9tique gravement invalidante qui touche tous les jours des enfants dans le monde. En 1992, Guy Alba fonde avec deux autres familles d\u2019enfants atteints par la maladie : ELA \u2013 Association Europ\u00e9enne contre les<span class=\"more-link\"><a href=\"https:\/\/ela-asso.lu\/lu\/accueil\/\">Read More &rarr;<\/a><\/span><\/p>\n","protected":false},"author":1,"featured_media":0,"parent":0,"menu_order":0,"comment_status":"closed","ping_status":"closed","template":"","meta":{"two_page_speed":[]},"_links":{"self":[{"href":"https:\/\/ela-asso.lu\/lu\/wp-json\/wp\/v2\/pages\/215"}],"collection":[{"href":"https:\/\/ela-asso.lu\/lu\/wp-json\/wp\/v2\/pages"}],"about":[{"href":"https:\/\/ela-asso.lu\/lu\/wp-json\/wp\/v2\/types\/page"}],"author":[{"embeddable":true,"href":"https:\/\/ela-asso.lu\/lu\/wp-json\/wp\/v2\/users\/1"}],"replies":[{"embeddable":true,"href":"https:\/\/ela-asso.lu\/lu\/wp-json\/wp\/v2\/comments?post=215"}],"version-history":[{"count":10,"href":"https:\/\/ela-asso.lu\/lu\/wp-json\/wp\/v2\/pages\/215\/revisions"}],"predecessor-version":[{"id":721,"href":"https:\/\/ela-asso.lu\/lu\/wp-json\/wp\/v2\/pages\/215\/revisions\/721"}],"wp:attachment":[{"href":"https:\/\/ela-asso.lu\/lu\/wp-json\/wp\/v2\/media?parent=215"}],"curies":[{"name":"wp","href":"https:\/\/api.w.org\/{rel}","templated":true}]}}