{"id":231,"date":"2018-03-20T10:06:52","date_gmt":"2018-03-20T09:06:52","guid":{"rendered":"http:\/\/ela-asso.lu\/?page_id=231"},"modified":"2020-12-18T14:47:35","modified_gmt":"2020-12-18T13:47:35","slug":"temoignages","status":"publish","type":"page","link":"https:\/\/ela-asso.lu\/lu\/temoignages\/","title":{"rendered":"T\u00e9moignagen"},"content":{"rendered":"<p><img decoding=\"async\" loading=\"lazy\" class=\"size-full wp-image-232 alignleft\" src=\"http:\/\/ela-asso.lu\/wp-content\/uploads\/2018\/03\/temoignage01.jpg\" alt=\"\" width=\"256\" height=\"252\" \/><\/p>\n<p><span style=\"color: #e41871;\"><strong>Charles Lantieri<\/strong><\/span><br \/>\n<span style=\"color: #e41871;\"> <strong>Directeur G\u00e9n\u00e9ral d\u00e9l\u00e9gu\u00e9 de la Fran\u00e7aise des jeux (FDJ) et Pr\u00e9sident de la Fondation FDJ<\/strong><\/span><\/p>\n<p><strong><em>\u201c<\/em><\/strong><em><strong>Mets tes baskets est un succ\u00e8s garanti aupr\u00e8s des collaborateurs<\/strong><\/em><strong><em>\u201d<\/em><\/strong><\/p>\n<p>&nbsp;<\/p>\n<p>&nbsp;<\/p>\n<p>&nbsp;<\/p>\n<p>&nbsp;<\/p>\n<p><span style=\"color: #e41871;\"><strong><img decoding=\"async\" loading=\"lazy\" class=\"size-full wp-image-233 alignleft\" src=\"http:\/\/ela-asso.lu\/wp-content\/uploads\/2018\/03\/temoignage02.jpg\" alt=\"\" width=\"256\" height=\"252\" \/>Fran\u00e7ois-Henri Pinault<br \/>\nPr\u00e9sident-Directeur G\u00e9n\u00e9ral de Kering<br \/>\n<\/strong><\/span><\/p>\n<p><strong><em>\u201c<\/em><\/strong><em><strong>En tant qu&#8217;entreprise, nous avons le devoir de nous mobiliser sur le terrain<\/strong><\/em><strong><em>\u201d<\/em><\/strong><\/p>\n<p>&nbsp;<\/p>\n<p>&nbsp;<\/p>\n<p>&nbsp;<\/p>\n<p>&nbsp;<\/p>\n<p>&nbsp;<\/p>\n<p><span style=\"color: #e41871;\"><strong><img decoding=\"async\" loading=\"lazy\" class=\"size-full wp-image-234 alignleft\" src=\"http:\/\/ela-asso.lu\/wp-content\/uploads\/2018\/03\/temoignage03.png\" alt=\"\" width=\"201\" height=\"201\" srcset=\"https:\/\/ela-asso.lu\/wp-content\/uploads\/2018\/03\/temoignage03.png 201w, https:\/\/ela-asso.lu\/wp-content\/uploads\/2018\/03\/temoignage03-150x150.png 150w\" sizes=\"(max-width: 201px) 100vw, 201px\" \/>Dominique Robinet<br \/>\nDirectrice du d\u00e9partement<br \/>\nKnowledge Management \u00e0 PwC<br \/>\n<\/strong><\/span><\/p>\n<p><strong><em>\u201c<\/em><\/strong><em><strong>Cet \u00e9v\u00e9nement est novateur dans l&#8217;approche. Il va dans le sens du soutien \u00e0 la sant\u00e9 des collaborateurs, \u00e0 faire du sport, \u00e0 se d\u00e9stresser et cela s&#8217;inscrit bien dans notre philosophie d&#8217;entreprise.<\/strong><\/em><strong><em>\u201d<\/em><\/strong><\/p>\n<p>&nbsp;<\/p>\n<p>&nbsp;<\/p>\n<p>&nbsp;<\/p>\n<p><span style=\"color: #e41871;\"><strong><img decoding=\"async\" loading=\"lazy\" class=\"size-full wp-image-235 alignleft\" src=\"http:\/\/ela-asso.lu\/wp-content\/uploads\/2018\/03\/temoignage04.jpg\" alt=\"\" width=\"238\" height=\"238\" srcset=\"https:\/\/ela-asso.lu\/wp-content\/uploads\/2018\/03\/temoignage04.jpg 238w, https:\/\/ela-asso.lu\/wp-content\/uploads\/2018\/03\/temoignage04-150x150.jpg 150w\" sizes=\"(max-width: 238px) 100vw, 238px\" \/>Fatah Boudjelida<br \/>\nManaging partner chez Atoz<br \/>\n<\/strong><\/span><\/p>\n<p><strong><em>\u201c<\/em><\/strong><em><strong>Intervenir dans une cause qui est en lien avec les valeurs de la soci\u00e9t\u00e9, c\u2019est impliquer nos collaborateurs dans une d\u00e9marche \u00e0 laquelle nous croyons.<\/strong><\/em><strong><em>\u201d<\/em><\/strong><\/p>\n<p>&nbsp;<\/p>\n<p>&nbsp;<\/p>\n","protected":false},"excerpt":{"rendered":"<p>Charles Lantieri Directeur G\u00e9n\u00e9ral d\u00e9l\u00e9gu\u00e9 de la Fran\u00e7aise des jeux (FDJ) et Pr\u00e9sident de la Fondation FDJ \u201cMets tes baskets est un succ\u00e8s garanti aupr\u00e8s des collaborateurs\u201d &nbsp; &nbsp; &nbsp; &nbsp; Fran\u00e7ois-Henri Pinault Pr\u00e9sident-Directeur G\u00e9n\u00e9ral de Kering \u201cEn tant qu&#8217;entreprise, nous avons le devoir de nous mobiliser sur le terrain\u201d<span class=\"more-link\"><a href=\"https:\/\/ela-asso.lu\/lu\/temoignages\/\">Read More &rarr;<\/a><\/span><\/p>\n","protected":false},"author":1,"featured_media":0,"parent":0,"menu_order":0,"comment_status":"closed","ping_status":"closed","template":"","meta":{"two_page_speed":[]},"_links":{"self":[{"href":"https:\/\/ela-asso.lu\/lu\/wp-json\/wp\/v2\/pages\/231"}],"collection":[{"href":"https:\/\/ela-asso.lu\/lu\/wp-json\/wp\/v2\/pages"}],"about":[{"href":"https:\/\/ela-asso.lu\/lu\/wp-json\/wp\/v2\/types\/page"}],"author":[{"embeddable":true,"href":"https:\/\/ela-asso.lu\/lu\/wp-json\/wp\/v2\/users\/1"}],"replies":[{"embeddable":true,"href":"https:\/\/ela-asso.lu\/lu\/wp-json\/wp\/v2\/comments?post=231"}],"version-history":[{"count":2,"href":"https:\/\/ela-asso.lu\/lu\/wp-json\/wp\/v2\/pages\/231\/revisions"}],"predecessor-version":[{"id":862,"href":"https:\/\/ela-asso.lu\/lu\/wp-json\/wp\/v2\/pages\/231\/revisions\/862"}],"wp:attachment":[{"href":"https:\/\/ela-asso.lu\/lu\/wp-json\/wp\/v2\/media?parent=231"}],"curies":[{"name":"wp","href":"https:\/\/api.w.org\/{rel}","templated":true}]}}