{"id":2352,"date":"2024-05-06T15:25:37","date_gmt":"2024-05-06T13:25:37","guid":{"rendered":"https:\/\/ela-asso.lu\/?page_id=2352"},"modified":"2024-05-06T19:00:12","modified_gmt":"2024-05-06T17:00:12","slug":"2020-2","status":"publish","type":"page","link":"https:\/\/ela-asso.lu\/lu\/2020-2\/","title":{"rendered":"2020"},"content":{"rendered":"<p>&nbsp;<\/p>\n<p>&nbsp;<\/p>\n<p>Chaque ann\u00e9e, nous sommes plus nombreux.<\/p>\n<p>Chaque ann\u00e9e, ELA \u00e9toffe l&#8217;op\u00e9ration en y ajoutant des \u00e9l\u00e9ments<\/p>\n<p>Chaque ann\u00e9e, nous nous rapprochons de la victoire<\/p>\n<p>&nbsp;<\/p>\n<style id=\"bwg-style-0\">    #bwg_container1_0 #bwg_container2_0 .bwg-container-0.bwg-standard-thumbnails {      width: 1252px;              justify-content: center;        margin:0 auto !important;              background-color: rgba(255, 255, 255, 0.00);            padding-left: 2px;      padding-top: 2px;      max-width: 100%;            }        #bwg_container1_0 #bwg_container2_0 .bwg-container-0.bwg-standard-thumbnails .bwg-item {    justify-content: flex-start;      max-width: 250px;          }    #bwg_container1_0 #bwg_container2_0 .bwg-container-0.bwg-standard-thumbnails .bwg-item a {       margin-right: 2px;       margin-bottom: 2px;    }    #bwg_container1_0 #bwg_container2_0 .bwg-container-0.bwg-standard-thumbnails .bwg-item0 {      padding: 0px;            background-color:rgba(255,255,255, 0.30);      border: 0px none #CCCCCC;      opacity: 1.00;      border-radius: 0;      box-shadow: ;    }    #bwg_container1_0 #bwg_container2_0 .bwg-container-0.bwg-standard-thumbnails .bwg-item1 img {      max-height: none;      max-width: none;      padding: 0 !important;    }        @media only screen and (min-width: 480px) {      #bwg_container1_0 #bwg_container2_0 .bwg-container-0.bwg-standard-thumbnails .bwg-item0 {        transition: all 0.3s ease 0s;-webkit-transition: all 0.3s ease 0s;      }      #bwg_container1_0 #bwg_container2_0 .bwg-container-0.bwg-standard-thumbnails .bwg-item0:hover {        -ms-transform: scale(1.08);        -webkit-transform: scale(1.08);        transform: scale(1.08);      }    }          #bwg_container1_0 #bwg_container2_0 .bwg-container-0.bwg-standard-thumbnails .bwg-item1 {      padding-top: 56%;    }        #bwg_container1_0 #bwg_container2_0 .bwg-container-0.bwg-standard-thumbnails .bwg-title1 {      position: absolute;      top: 0;      z-index: 100;      width: 100%;      height: 100%;      display: flex;      justify-content: center;      align-content: center;      flex-direction: column;      opacity: 0;    }\t      #bwg_container1_0 #bwg_container2_0 .bwg-container-0.bwg-standard-thumbnails .bwg-title2,    #bwg_container1_0 #bwg_container2_0 .bwg-container-0.bwg-standard-thumbnails .bwg-ecommerce2 {      color: #FFFFFF;      font-family: Ubuntu;      font-size: 16px;      font-weight: bold;      padding: 2px;      text-shadow: 0px 0px 0px #888888;      max-height: 100%;    }    #bwg_container1_0 #bwg_container2_0 .bwg-container-0.bwg-standard-thumbnails .bwg-thumb-description span {    color: #323A45;    font-family: Ubuntu;    font-size: 12px;    max-height: 100%;    word-wrap: break-word;    }    #bwg_container1_0 #bwg_container2_0 .bwg-container-0.bwg-standard-thumbnails .bwg-play-icon2 {      font-size: 32px;    }    #bwg_container1_0 #bwg_container2_0 .bwg-container-0.bwg-standard-thumbnails .bwg-ecommerce2 {      font-size: 19.2px;      color: #CCCCCC;    }    <\/style>    <div id=\"bwg_container1_0\"         class=\"bwg_container bwg_thumbnail bwg_thumbnails \"         data-right-click-protection=\"0\"         data-bwg=\"0\"         data-scroll=\"0\"         data-gallery-type=\"thumbnails\"         data-gallery-view-type=\"thumbnails\"         data-current-url=\"\/lu\/wp-json\/wp\/v2\/pages\/2352\"         data-lightbox-url=\"https:\/\/ela-asso.lu\/wp-admin\/admin-ajax.php?action=GalleryBox&#038;current_view=0&#038;gallery_id=5&#038;tag=0&#038;theme_id=1&#038;shortcode_id=23&#038;sort_by=order&#038;order_by=asc&#038;current_url=%2Flu%2Fwp-json%2Fwp%2Fv2%2Fpages%2F2352\"         data-gallery-id=\"5\"         data-popup-width=\"800\"         data-popup-height=\"500\"         data-is-album=\"gallery\"         data-buttons-position=\"bottom\">      <div id=\"bwg_container2_0\">             <div id=\"ajax_loading_0\" class=\"bwg_loading_div_1\">      <div class=\"bwg_loading_div_2\">        <div class=\"bwg_loading_div_3\">          <div id=\"loading_div_0\" class=\"bwg_spider_ajax_loading\">          <\/div>        <\/div>      <\/div>    <\/div>            <form id=\"gal_front_form_0\"              class=\"bwg-hidden\"              method=\"post\"              action=\"#\"              data-current=\"0\"              data-shortcode-id=\"23\"              data-gallery-type=\"thumbnails\"              data-gallery-id=\"5\"              data-tag=\"0\"              data-album-id=\"0\"              data-theme-id=\"1\"              data-ajax-url=\"https:\/\/ela-asso.lu\/wp-admin\/admin-ajax.php?action=bwg_frontend_data\">          <div id=\"bwg_container3_0\" class=\"bwg-background bwg-background-0\">                <div data-max-count=\"5\"         data-thumbnail-width=\"250\"         data-bwg=\"0\"         data-gallery-id=\"5\"         data-lightbox-url=\"https:\/\/ela-asso.lu\/wp-admin\/admin-ajax.php?action=GalleryBox&amp;current_view=0&amp;gallery_id=5&amp;tag=0&amp;theme_id=1&amp;shortcode_id=23&amp;sort_by=order&amp;order_by=asc&amp;current_url=%2Flu%2Fwp-json%2Fwp%2Fv2%2Fpages%2F2352\"         id=\"bwg_thumbnails_0\"         class=\"bwg-container-0 bwg-thumbnails bwg-standard-thumbnails bwg-container bwg-border-box\">            <div class=\"bwg-item\">        <a class=\"bwg-a  bwg_lightbox\"  data-image-id=\"271\" href=\"https:\/\/ela-asso.lu\/wp-content\/uploads\/photo-gallery\/WhatsApp-Image-2024-05-06-a-18.13.12_d9198727.jpg?bwg=1715013631\" data-elementor-open-lightbox=\"no\">                <div class=\"bwg-item0 \">          <div class=\"bwg-item1 \">            <div class=\"bwg-item2\">              <img class=\"skip-lazy bwg_standart_thumb_img_0 \"                   data-id=\"271\"                   data-width=\"500.00\"                   data-height=\"375.00\"                   data-src=\"https:\/\/ela-asso.lu\/wp-content\/uploads\/photo-gallery\/thumb\/WhatsApp-Image-2024-05-06-a-18.13.12_d9198727.jpg?bwg=1715013631\"                   src=\"https:\/\/ela-asso.lu\/wp-content\/uploads\/photo-gallery\/thumb\/WhatsApp-Image-2024-05-06-a-18.13.12_d9198727.jpg?bwg=1715013631\"                   alt=\"MTBE - Excellium\"                   title=\"MTBE - Excellium\" \/>            <\/div>            <div class=\"\">              <div class=\"bwg-title1\"><div class=\"bwg-title2\">MTBE - Excellium<\/div><\/div>                                        <\/div>          <\/div>        <\/div>                        <\/a>              <\/div>            <div class=\"bwg-item\">        <a class=\"bwg-a  bwg_lightbox\"  data-image-id=\"272\" href=\"https:\/\/ela-asso.lu\/wp-content\/uploads\/photo-gallery\/WhatsApp-Image-2024-05-06-a-18.13.12_4c497b96.jpg?bwg=1715013631\" data-elementor-open-lightbox=\"no\">                <div class=\"bwg-item0 \">          <div class=\"bwg-item1 \">            <div class=\"bwg-item2\">              <img class=\"skip-lazy bwg_standart_thumb_img_0 \"                   data-id=\"272\"                   data-width=\"500.00\"                   data-height=\"375.00\"                   data-src=\"https:\/\/ela-asso.lu\/wp-content\/uploads\/photo-gallery\/thumb\/WhatsApp-Image-2024-05-06-a-18.13.12_4c497b96.jpg?bwg=1715013631\"                   src=\"https:\/\/ela-asso.lu\/wp-content\/uploads\/photo-gallery\/thumb\/WhatsApp-Image-2024-05-06-a-18.13.12_4c497b96.jpg?bwg=1715013631\"                   alt=\"MTBE - Excellium\"                   title=\"MTBE - Excellium\" \/>            <\/div>            <div class=\"\">              <div class=\"bwg-title1\"><div class=\"bwg-title2\">MTBE - Excellium<\/div><\/div>                                        <\/div>          <\/div>        <\/div>                        <\/a>              <\/div>            <div class=\"bwg-item\">        <a class=\"bwg-a  bwg_lightbox\"  data-image-id=\"273\" href=\"https:\/\/ela-asso.lu\/wp-content\/uploads\/photo-gallery\/WhatsApp-Image-2024-05-06-a-18.13.54_ea58e532.jpg?bwg=1715013631\" data-elementor-open-lightbox=\"no\">                <div class=\"bwg-item0 \">          <div class=\"bwg-item1 \">            <div class=\"bwg-item2\">              <img class=\"skip-lazy bwg_standart_thumb_img_0 \"                   data-id=\"273\"                   data-width=\"500.00\"                   data-height=\"375.00\"                   data-src=\"https:\/\/ela-asso.lu\/wp-content\/uploads\/photo-gallery\/thumb\/WhatsApp-Image-2024-05-06-a-18.13.54_ea58e532.jpg?bwg=1715013631\"                   src=\"https:\/\/ela-asso.lu\/wp-content\/uploads\/photo-gallery\/thumb\/WhatsApp-Image-2024-05-06-a-18.13.54_ea58e532.jpg?bwg=1715013631\"                   alt=\"MTBE - IQEQ\"                   title=\"MTBE - IQEQ\" \/>            <\/div>            <div class=\"\">              <div class=\"bwg-title1\"><div class=\"bwg-title2\">MTBE - IQEQ<\/div><\/div>                                        <\/div>          <\/div>        <\/div>                        <\/a>              <\/div>            <div class=\"bwg-item\">        <a class=\"bwg-a  bwg_lightbox\"  data-image-id=\"274\" href=\"https:\/\/ela-asso.lu\/wp-content\/uploads\/photo-gallery\/WhatsApp-Image-2024-05-06-a-18.13.12_53ebbc0c.jpg?bwg=1715013631\" data-elementor-open-lightbox=\"no\">                <div class=\"bwg-item0 \">          <div class=\"bwg-item1 \">            <div class=\"bwg-item2\">              <img class=\"skip-lazy bwg_standart_thumb_img_0 \"                   data-id=\"274\"                   data-width=\"375.00\"                   data-height=\"500.00\"                   data-src=\"https:\/\/ela-asso.lu\/wp-content\/uploads\/photo-gallery\/thumb\/WhatsApp-Image-2024-05-06-a-18.13.12_53ebbc0c.jpg?bwg=1715013631\"                   src=\"https:\/\/ela-asso.lu\/wp-content\/uploads\/photo-gallery\/thumb\/WhatsApp-Image-2024-05-06-a-18.13.12_53ebbc0c.jpg?bwg=1715013631\"                   alt=\"MTBE - Up\"                   title=\"MTBE - Up\" \/>            <\/div>            <div class=\"\">              <div class=\"bwg-title1\"><div class=\"bwg-title2\">MTBE - Up<\/div><\/div>                                        <\/div>          <\/div>        <\/div>                        <\/a>              <\/div>            <div class=\"bwg-item\">        <a class=\"bwg-a  bwg_lightbox\"  data-image-id=\"275\" href=\"https:\/\/ela-asso.lu\/wp-content\/uploads\/photo-gallery\/WhatsApp-Image-2024-05-06-a-18.13.12_45df0253.jpg?bwg=1715013631\" data-elementor-open-lightbox=\"no\">                <div class=\"bwg-item0 \">          <div class=\"bwg-item1 \">            <div class=\"bwg-item2\">              <img class=\"skip-lazy bwg_standart_thumb_img_0 \"                   data-id=\"275\"                   data-width=\"375.00\"                   data-height=\"500.00\"                   data-src=\"https:\/\/ela-asso.lu\/wp-content\/uploads\/photo-gallery\/thumb\/WhatsApp-Image-2024-05-06-a-18.13.12_45df0253.jpg?bwg=1715013631\"                   src=\"https:\/\/ela-asso.lu\/wp-content\/uploads\/photo-gallery\/thumb\/WhatsApp-Image-2024-05-06-a-18.13.12_45df0253.jpg?bwg=1715013631\"                   alt=\"MTBE - Up\"                   title=\"MTBE - Up\" \/>            <\/div>            <div class=\"\">              <div class=\"bwg-title1\"><div class=\"bwg-title2\">MTBE - Up<\/div><\/div>                                        <\/div>          <\/div>        <\/div>                        <\/a>              <\/div>            <div class=\"bwg-item\">        <a class=\"bwg-a  bwg_lightbox\"  data-image-id=\"276\" href=\"https:\/\/ela-asso.lu\/wp-content\/uploads\/photo-gallery\/WhatsApp-Image-2024-05-06-a-18.13.12_53b13306.jpg?bwg=1715013631\" data-elementor-open-lightbox=\"no\">                <div class=\"bwg-item0 \">          <div class=\"bwg-item1 \">            <div class=\"bwg-item2\">              <img class=\"skip-lazy bwg_standart_thumb_img_0 \"                   data-id=\"276\"                   data-width=\"500.00\"                   data-height=\"375.00\"                   data-src=\"https:\/\/ela-asso.lu\/wp-content\/uploads\/photo-gallery\/thumb\/WhatsApp-Image-2024-05-06-a-18.13.12_53b13306.jpg?bwg=1715013631\"                   src=\"https:\/\/ela-asso.lu\/wp-content\/uploads\/photo-gallery\/thumb\/WhatsApp-Image-2024-05-06-a-18.13.12_53b13306.jpg?bwg=1715013631\"                   alt=\"MTBE - Genest\"                   title=\"MTBE - Genest\" \/>            <\/div>            <div class=\"\">              <div class=\"bwg-title1\"><div class=\"bwg-title2\">MTBE - Genest<\/div><\/div>                                        <\/div>          <\/div>        <\/div>                        <\/a>              <\/div>            <div class=\"bwg-item\">        <a class=\"bwg-a  bwg_lightbox\"  data-image-id=\"277\" href=\"https:\/\/ela-asso.lu\/wp-content\/uploads\/photo-gallery\/SDWorx.jpg?bwg=1715013631\" data-elementor-open-lightbox=\"no\">                <div class=\"bwg-item0 \">          <div class=\"bwg-item1 \">            <div class=\"bwg-item2\">              <img class=\"skip-lazy bwg_standart_thumb_img_0 \"                   data-id=\"277\"                   data-width=\"500.00\"                   data-height=\"375.00\"                   data-src=\"https:\/\/ela-asso.lu\/wp-content\/uploads\/photo-gallery\/thumb\/SDWorx.jpg?bwg=1715013631\"                   src=\"https:\/\/ela-asso.lu\/wp-content\/uploads\/photo-gallery\/thumb\/SDWorx.jpg?bwg=1715013631\"                   alt=\"SDWorx\"                   title=\"SDWorx\" \/>            <\/div>            <div class=\"\">              <div class=\"bwg-title1\"><div class=\"bwg-title2\">SDWorx<\/div><\/div>                                        <\/div>          <\/div>        <\/div>                        <\/a>              <\/div>            <div class=\"bwg-item\">        <a class=\"bwg-a  bwg_lightbox\"  data-image-id=\"278\" href=\"https:\/\/ela-asso.lu\/wp-content\/uploads\/photo-gallery\/WhatsApp-Image-2024-05-06-a-18.13.12_d2402f4c.jpg?bwg=1715013631\" data-elementor-open-lightbox=\"no\">                <div class=\"bwg-item0 \">          <div class=\"bwg-item1 \">            <div class=\"bwg-item2\">              <img class=\"skip-lazy bwg_standart_thumb_img_0 \"                   data-id=\"278\"                   data-width=\"500.00\"                   data-height=\"375.00\"                   data-src=\"https:\/\/ela-asso.lu\/wp-content\/uploads\/photo-gallery\/thumb\/WhatsApp-Image-2024-05-06-a-18.13.12_d2402f4c.jpg?bwg=1715013631\"                   src=\"https:\/\/ela-asso.lu\/wp-content\/uploads\/photo-gallery\/thumb\/WhatsApp-Image-2024-05-06-a-18.13.12_d2402f4c.jpg?bwg=1715013631\"                   alt=\"MTBE - Up\"                   title=\"MTBE - Up\" \/>            <\/div>            <div class=\"\">              <div class=\"bwg-title1\"><div class=\"bwg-title2\">MTBE - Up<\/div><\/div>                                        <\/div>          <\/div>        <\/div>                        <\/a>              <\/div>            <div class=\"bwg-item\">        <a class=\"bwg-a  bwg_lightbox\"  data-image-id=\"254\" href=\"https:\/\/ela-asso.lu\/wp-content\/uploads\/photo-gallery\/HRS-Remise-de-cheque-Apr-2021.jpg?bwg=1715001194\" data-elementor-open-lightbox=\"no\">                <div class=\"bwg-item0 \">          <div class=\"bwg-item1 \">            <div class=\"bwg-item2\">              <img class=\"skip-lazy bwg_standart_thumb_img_0 \"                   data-id=\"254\"                   data-width=\"500.00\"                   data-height=\"333.00\"                   data-src=\"https:\/\/ela-asso.lu\/wp-content\/uploads\/photo-gallery\/thumb\/HRS-Remise-de-cheque-Apr-2021.jpg?bwg=1715001194\"                   src=\"https:\/\/ela-asso.lu\/wp-content\/uploads\/photo-gallery\/thumb\/HRS-Remise-de-cheque-Apr-2021.jpg?bwg=1715001194\"                   alt=\"MTBE - HRS-Remise-de-cheque\"                   title=\"MTBE - HRS-Remise-de-cheque\" \/>            <\/div>            <div class=\"\">              <div class=\"bwg-title1\"><div class=\"bwg-title2\">MTBE - HRS-Remise-de-cheque<\/div><\/div>                                        <\/div>          <\/div>        <\/div>                        <\/a>              <\/div>            <div class=\"bwg-item\">        <a class=\"bwg-a  bwg_lightbox\"  data-image-id=\"255\" href=\"https:\/\/ela-asso.lu\/wp-content\/uploads\/photo-gallery\/Hotel-de-Ville-en-rose.jpg?bwg=1715001194\" data-elementor-open-lightbox=\"no\">                <div class=\"bwg-item0 \">          <div class=\"bwg-item1 \">            <div class=\"bwg-item2\">              <img class=\"skip-lazy bwg_standart_thumb_img_0 \"                   data-id=\"255\"                   data-width=\"500.00\"                   data-height=\"375.00\"                   data-src=\"https:\/\/ela-asso.lu\/wp-content\/uploads\/photo-gallery\/thumb\/Hotel-de-Ville-en-rose.jpg?bwg=1715001194\"                   src=\"https:\/\/ela-asso.lu\/wp-content\/uploads\/photo-gallery\/thumb\/Hotel-de-Ville-en-rose.jpg?bwg=1715001194\"                   alt=\"MTBE - Hotel-de-Ville-en-rose\"                   title=\"MTBE - Hotel-de-Ville-en-rose\" \/>            <\/div>            <div class=\"\">              <div class=\"bwg-title1\"><div class=\"bwg-title2\">MTBE - Hotel-de-Ville-en-rose<\/div><\/div>                                        <\/div>          <\/div>        <\/div>                        <\/a>              <\/div>            <div class=\"bwg-item\">        <a class=\"bwg-a  bwg_lightbox\"  data-image-id=\"256\" href=\"https:\/\/ela-asso.lu\/wp-content\/uploads\/photo-gallery\/logo-From-CP-to-the-moon.png?bwg=1715001194\" data-elementor-open-lightbox=\"no\">                <div class=\"bwg-item0 \">          <div class=\"bwg-item1 \">            <div class=\"bwg-item2\">              <img class=\"skip-lazy bwg_standart_thumb_img_0 \"                   data-id=\"256\"                   data-width=\"500.00\"                   data-height=\"438.00\"                   data-src=\"https:\/\/ela-asso.lu\/wp-content\/uploads\/photo-gallery\/thumb\/logo-From-CP-to-the-moon.png?bwg=1715001194\"                   src=\"https:\/\/ela-asso.lu\/wp-content\/uploads\/photo-gallery\/thumb\/logo-From-CP-to-the-moon.png?bwg=1715001194\"                   alt=\"MTBE - PWC From-CP-to-the-moon\"                   title=\"MTBE - PWC From-CP-to-the-moon\" \/>            <\/div>            <div class=\"\">              <div class=\"bwg-title1\"><div class=\"bwg-title2\">MTBE - PWC From-CP-to-the-moon<\/div><\/div>                                        <\/div>          <\/div>        <\/div>                        <\/a>              <\/div>            <div class=\"bwg-item\">        <a class=\"bwg-a  bwg_lightbox\"  data-image-id=\"257\" href=\"https:\/\/ela-asso.lu\/wp-content\/uploads\/photo-gallery\/DSC_0869.jpg?bwg=1715001194\" data-elementor-open-lightbox=\"no\">                <div class=\"bwg-item0 \">          <div class=\"bwg-item1 \">            <div class=\"bwg-item2\">              <img class=\"skip-lazy bwg_standart_thumb_img_0 \"                   data-id=\"257\"                   data-width=\"500.00\"                   data-height=\"334.00\"                   data-src=\"https:\/\/ela-asso.lu\/wp-content\/uploads\/photo-gallery\/thumb\/DSC_0869.jpg?bwg=1715001194\"                   src=\"https:\/\/ela-asso.lu\/wp-content\/uploads\/photo-gallery\/thumb\/DSC_0869.jpg?bwg=1715001194\"                   alt=\"MTBE - Remise de ch\u00e8que chez PwC\"                   title=\"MTBE - Remise de ch\u00e8que chez PwC\" \/>            <\/div>            <div class=\"\">              <div class=\"bwg-title1\"><div class=\"bwg-title2\">MTBE - Remise de ch\u00e8que chez PwC<\/div><\/div>                                        <\/div>          <\/div>        <\/div>                        <\/a>              <\/div>            <div class=\"bwg-item\">        <a class=\"bwg-a  bwg_lightbox\"  data-image-id=\"258\" href=\"https:\/\/ela-asso.lu\/wp-content\/uploads\/photo-gallery\/IMG_2446.jpg?bwg=1715001194\" data-elementor-open-lightbox=\"no\">                <div class=\"bwg-item0 \">          <div class=\"bwg-item1 \">            <div class=\"bwg-item2\">              <img class=\"skip-lazy bwg_standart_thumb_img_0 \"                   data-id=\"258\"                   data-width=\"500.00\"                   data-height=\"375.00\"                   data-src=\"https:\/\/ela-asso.lu\/wp-content\/uploads\/photo-gallery\/thumb\/IMG_2446.jpg?bwg=1715001194\"                   src=\"https:\/\/ela-asso.lu\/wp-content\/uploads\/photo-gallery\/thumb\/IMG_2446.jpg?bwg=1715001194\"                   alt=\"MTBE - House of Training\"                   title=\"MTBE - House of Training\" \/>            <\/div>            <div class=\"\">              <div class=\"bwg-title1\"><div class=\"bwg-title2\">MTBE - House of Training<\/div><\/div>                                        <\/div>          <\/div>        <\/div>                        <\/a>              <\/div>            <div class=\"bwg-item\">        <a class=\"bwg-a  bwg_lightbox\"  data-image-id=\"259\" href=\"https:\/\/ela-asso.lu\/wp-content\/uploads\/photo-gallery\/Remise-de-cheque.jpg?bwg=1715001194\" data-elementor-open-lightbox=\"no\">                <div class=\"bwg-item0 \">          <div class=\"bwg-item1 \">            <div class=\"bwg-item2\">              <img class=\"skip-lazy bwg_standart_thumb_img_0 \"                   data-id=\"259\"                   data-width=\"500.00\"                   data-height=\"375.00\"                   data-src=\"https:\/\/ela-asso.lu\/wp-content\/uploads\/photo-gallery\/thumb\/Remise-de-cheque.jpg?bwg=1715001194\"                   src=\"https:\/\/ela-asso.lu\/wp-content\/uploads\/photo-gallery\/thumb\/Remise-de-cheque.jpg?bwg=1715001194\"                   alt=\"MTBE - Remise-de-cheque\"                   title=\"MTBE - Remise-de-cheque\" \/>            <\/div>            <div class=\"\">              <div class=\"bwg-title1\"><div class=\"bwg-title2\">MTBE - Remise-de-cheque<\/div><\/div>                                        <\/div>          <\/div>        <\/div>                        <\/a>              <\/div>          <\/div>              <\/div>        <\/form>        <style>          #bwg_container1_0 #bwg_container2_0 #spider_popup_overlay_0 {          background-color: #FFFFFF;          opacity: 0.95;          }          <\/style>        <div id=\"bwg_spider_popup_loading_0\" class=\"bwg_spider_popup_loading\"><\/div>        <div id=\"spider_popup_overlay_0\" class=\"spider_popup_overlay\" onclick=\"spider_destroypopup(1000)\"><\/div>        <input type=\"hidden\" id=\"bwg_random_seed_0\" value=\"2052826462\">                <\/div>    <\/div>    <script>      if (document.readyState === 'complete') {        if( typeof bwg_main_ready == 'function' ) {          if ( jQuery(\"#bwg_container1_0\").height() ) {            bwg_main_ready(jQuery(\"#bwg_container1_0\"));          }        }      } else {        document.addEventListener('DOMContentLoaded', function() {          if( typeof bwg_main_ready == 'function' ) {            if ( jQuery(\"#bwg_container1_0\").height() ) {             bwg_main_ready(jQuery(\"#bwg_container1_0\"));            }          }        });      }    <\/script>    \n","protected":false},"excerpt":{"rendered":"<p>&nbsp; &nbsp; Chaque ann\u00e9e, nous sommes plus nombreux. Chaque ann\u00e9e, ELA \u00e9toffe l&#8217;op\u00e9ration en y ajoutant des \u00e9l\u00e9ments Chaque ann\u00e9e, nous nous rapprochons de la victoire &nbsp;<span class=\"more-link\"><a href=\"https:\/\/ela-asso.lu\/lu\/2020-2\/\">Read More &rarr;<\/a><\/span><\/p>\n","protected":false},"author":1,"featured_media":0,"parent":0,"menu_order":0,"comment_status":"closed","ping_status":"closed","template":"","meta":{"two_page_speed":[]},"_links":{"self":[{"href":"https:\/\/ela-asso.lu\/lu\/wp-json\/wp\/v2\/pages\/2352"}],"collection":[{"href":"https:\/\/ela-asso.lu\/lu\/wp-json\/wp\/v2\/pages"}],"about":[{"href":"https:\/\/ela-asso.lu\/lu\/wp-json\/wp\/v2\/types\/page"}],"author":[{"embeddable":true,"href":"https:\/\/ela-asso.lu\/lu\/wp-json\/wp\/v2\/users\/1"}],"replies":[{"embeddable":true,"href":"https:\/\/ela-asso.lu\/lu\/wp-json\/wp\/v2\/comments?post=2352"}],"version-history":[{"count":7,"href":"https:\/\/ela-asso.lu\/lu\/wp-json\/wp\/v2\/pages\/2352\/revisions"}],"predecessor-version":[{"id":2421,"href":"https:\/\/ela-asso.lu\/lu\/wp-json\/wp\/v2\/pages\/2352\/revisions\/2421"}],"wp:attachment":[{"href":"https:\/\/ela-asso.lu\/lu\/wp-json\/wp\/v2\/media?parent=2352"}],"curies":[{"name":"wp","href":"https:\/\/api.w.org\/{rel}","templated":true}]}}