{"id":2356,"date":"2024-05-06T15:24:29","date_gmt":"2024-05-06T13:24:29","guid":{"rendered":"https:\/\/ela-asso.lu\/?page_id=2356"},"modified":"2024-05-06T19:14:05","modified_gmt":"2024-05-06T17:14:05","slug":"2021-2","status":"publish","type":"page","link":"https:\/\/ela-asso.lu\/lu\/2021-2\/","title":{"rendered":"2021"},"content":{"rendered":"<h3><span style=\"color: #e41871;\">Merci aux entreprises partenaires en 2021 !<br \/>\n<\/span><\/h3>\n<p><span style=\"color: #000000;\"><span style=\"color: #e41871;\">Gr\u00e2ce \u00e0 vous, chaque ann\u00e9e, nous sommes plus forts!<\/span><\/span><\/p>\n<p>SD Worx et Lalux ont rejoint le combat, et l&#8217;\u00e9quipe des leucofighters, superh\u00e9ros qui battent les leucodystrophies. Le combat continue et les succ\u00e8s sont au RDV avec, pour la 1\u00e8re fois,\u00a0 l&#8217;autorisation de mise sur le march\u00e9 d&#8217;un traitement de th\u00e9rapie g\u00e9nique. Dans les prochaines ann\u00e9es, nous allons acc\u00e9l\u00e9rer et multiplier les essais cliniques, gr\u00e2ce aux dons que nous r\u00e9coltons et qui chaque ann\u00e9es sont plus importants.<\/p>\n<p>&nbsp;<\/p>\n<h3><span style=\"color: #e41871;\">Portfolio<\/span><\/h3>\n<style id=\"bwg-style-0\">    #bwg_container1_0 #bwg_container2_0 .bwg-container-0.bwg-standard-thumbnails {      width: 1252px;              justify-content: center;        margin:0 auto !important;              background-color: rgba(255, 255, 255, 0.00);            padding-left: 2px;      padding-top: 2px;      max-width: 100%;            }        #bwg_container1_0 #bwg_container2_0 .bwg-container-0.bwg-standard-thumbnails .bwg-item {    justify-content: flex-start;      max-width: 250px;          }    #bwg_container1_0 #bwg_container2_0 .bwg-container-0.bwg-standard-thumbnails .bwg-item a {       margin-right: 2px;       margin-bottom: 2px;    }    #bwg_container1_0 #bwg_container2_0 .bwg-container-0.bwg-standard-thumbnails .bwg-item0 {      padding: 0px;            background-color:rgba(255,255,255, 0.30);      border: 0px none #CCCCCC;      opacity: 1.00;      border-radius: 0;      box-shadow: ;    }    #bwg_container1_0 #bwg_container2_0 .bwg-container-0.bwg-standard-thumbnails .bwg-item1 img {      max-height: none;      max-width: none;      padding: 0 !important;    }        @media only screen and (min-width: 480px) {      #bwg_container1_0 #bwg_container2_0 .bwg-container-0.bwg-standard-thumbnails .bwg-item0 {        transition: all 0.3s ease 0s;-webkit-transition: all 0.3s ease 0s;      }      #bwg_container1_0 #bwg_container2_0 .bwg-container-0.bwg-standard-thumbnails .bwg-item0:hover {        -ms-transform: scale(1.08);        -webkit-transform: scale(1.08);        transform: scale(1.08);      }    }          #bwg_container1_0 #bwg_container2_0 .bwg-container-0.bwg-standard-thumbnails .bwg-item1 {      padding-top: 56%;    }        #bwg_container1_0 #bwg_container2_0 .bwg-container-0.bwg-standard-thumbnails .bwg-title1 {      position: absolute;      top: 0;      z-index: 100;      width: 100%;      height: 100%;      display: flex;      justify-content: center;      align-content: center;      flex-direction: column;      opacity: 0;    }\t      #bwg_container1_0 #bwg_container2_0 .bwg-container-0.bwg-standard-thumbnails .bwg-title2,    #bwg_container1_0 #bwg_container2_0 .bwg-container-0.bwg-standard-thumbnails .bwg-ecommerce2 {      color: #FFFFFF;      font-family: Ubuntu;      font-size: 16px;      font-weight: bold;      padding: 2px;      text-shadow: 0px 0px 0px #888888;      max-height: 100%;    }    #bwg_container1_0 #bwg_container2_0 .bwg-container-0.bwg-standard-thumbnails .bwg-thumb-description span {    color: #323A45;    font-family: Ubuntu;    font-size: 12px;    max-height: 100%;    word-wrap: break-word;    }    #bwg_container1_0 #bwg_container2_0 .bwg-container-0.bwg-standard-thumbnails .bwg-play-icon2 {      font-size: 32px;    }    #bwg_container1_0 #bwg_container2_0 .bwg-container-0.bwg-standard-thumbnails .bwg-ecommerce2 {      font-size: 19.2px;      color: #CCCCCC;    }    <\/style>    <div id=\"bwg_container1_0\"         class=\"bwg_container bwg_thumbnail bwg_thumbnails \"         data-right-click-protection=\"0\"         data-bwg=\"0\"         data-scroll=\"0\"         data-gallery-type=\"thumbnails\"         data-gallery-view-type=\"thumbnails\"         data-current-url=\"\/lu\/wp-json\/wp\/v2\/pages\/2356\"         data-lightbox-url=\"https:\/\/ela-asso.lu\/wp-admin\/admin-ajax.php?action=GalleryBox&#038;current_view=0&#038;gallery_id=6&#038;tag=0&#038;theme_id=1&#038;shortcode_id=9&#038;sort_by=order&#038;order_by=asc&#038;current_url=%2Flu%2Fwp-json%2Fwp%2Fv2%2Fpages%2F2356\"         data-gallery-id=\"6\"         data-popup-width=\"800\"         data-popup-height=\"500\"         data-is-album=\"gallery\"         data-buttons-position=\"bottom\">      <div id=\"bwg_container2_0\">             <div id=\"ajax_loading_0\" class=\"bwg_loading_div_1\">      <div class=\"bwg_loading_div_2\">        <div class=\"bwg_loading_div_3\">          <div id=\"loading_div_0\" class=\"bwg_spider_ajax_loading\">          <\/div>        <\/div>      <\/div>    <\/div>            <form id=\"gal_front_form_0\"              class=\"bwg-hidden\"              method=\"post\"              action=\"#\"              data-current=\"0\"              data-shortcode-id=\"9\"              data-gallery-type=\"thumbnails\"              data-gallery-id=\"6\"              data-tag=\"0\"              data-album-id=\"0\"              data-theme-id=\"1\"              data-ajax-url=\"https:\/\/ela-asso.lu\/wp-admin\/admin-ajax.php?action=bwg_frontend_data\">          <div id=\"bwg_container3_0\" class=\"bwg-background bwg-background-0\">                <div data-max-count=\"5\"         data-thumbnail-width=\"250\"         data-bwg=\"0\"         data-gallery-id=\"6\"         data-lightbox-url=\"https:\/\/ela-asso.lu\/wp-admin\/admin-ajax.php?action=GalleryBox&amp;current_view=0&amp;gallery_id=6&amp;tag=0&amp;theme_id=1&amp;shortcode_id=9&amp;sort_by=order&amp;order_by=asc&amp;current_url=%2Flu%2Fwp-json%2Fwp%2Fv2%2Fpages%2F2356\"         id=\"bwg_thumbnails_0\"         class=\"bwg-container-0 bwg-thumbnails bwg-standard-thumbnails bwg-container bwg-border-box\">            <div class=\"bwg-item\">        <a class=\"bwg-a  bwg_lightbox\"  data-image-id=\"279\" href=\"https:\/\/ela-asso.lu\/wp-content\/uploads\/photo-gallery\/WhatsApp-Image-2024-05-06-a-18.15.20_c6cc79f4.jpg?bwg=1715015060\" data-elementor-open-lightbox=\"no\">                <div class=\"bwg-item0 \">          <div class=\"bwg-item1 \">            <div class=\"bwg-item2\">              <img class=\"skip-lazy bwg_standart_thumb_img_0 \"                   data-id=\"279\"                   data-width=\"500.00\"                   data-height=\"375.00\"                   data-src=\"https:\/\/ela-asso.lu\/wp-content\/uploads\/photo-gallery\/thumb\/WhatsApp-Image-2024-05-06-a-18.15.20_c6cc79f4.jpg?bwg=1715015060\"                   src=\"https:\/\/ela-asso.lu\/wp-content\/uploads\/photo-gallery\/thumb\/WhatsApp-Image-2024-05-06-a-18.15.20_c6cc79f4.jpg?bwg=1715015060\"                   alt=\"MTBE - Lalux\"                   title=\"MTBE - Lalux\" \/>            <\/div>            <div class=\"\">              <div class=\"bwg-title1\"><div class=\"bwg-title2\">MTBE - Lalux<\/div><\/div>                                        <\/div>          <\/div>        <\/div>                        <\/a>              <\/div>            <div class=\"bwg-item\">        <a class=\"bwg-a  bwg_lightbox\"  data-image-id=\"280\" href=\"https:\/\/ela-asso.lu\/wp-content\/uploads\/photo-gallery\/WhatsApp-Image-2024-05-06-a-18.15.20_f8c55762.jpg?bwg=1715015060\" data-elementor-open-lightbox=\"no\">                <div class=\"bwg-item0 \">          <div class=\"bwg-item1 \">            <div class=\"bwg-item2\">              <img class=\"skip-lazy bwg_standart_thumb_img_0 \"                   data-id=\"280\"                   data-width=\"500.00\"                   data-height=\"375.00\"                   data-src=\"https:\/\/ela-asso.lu\/wp-content\/uploads\/photo-gallery\/thumb\/WhatsApp-Image-2024-05-06-a-18.15.20_f8c55762.jpg?bwg=1715015060\"                   src=\"https:\/\/ela-asso.lu\/wp-content\/uploads\/photo-gallery\/thumb\/WhatsApp-Image-2024-05-06-a-18.15.20_f8c55762.jpg?bwg=1715015060\"                   alt=\"MTBE - SDWorx\"                   title=\"MTBE - SDWorx\" \/>            <\/div>            <div class=\"\">              <div class=\"bwg-title1\"><div class=\"bwg-title2\">MTBE - SDWorx<\/div><\/div>                                        <\/div>          <\/div>        <\/div>                        <\/a>              <\/div>            <div class=\"bwg-item\">        <a class=\"bwg-a  bwg_lightbox\"  data-image-id=\"281\" href=\"https:\/\/ela-asso.lu\/wp-content\/uploads\/photo-gallery\/WhatsApp-Image-2024-05-06-a-18.15.20_61d2e590.jpg?bwg=1715015060\" data-elementor-open-lightbox=\"no\">                <div class=\"bwg-item0 \">          <div class=\"bwg-item1 \">            <div class=\"bwg-item2\">              <img class=\"skip-lazy bwg_standart_thumb_img_0 \"                   data-id=\"281\"                   data-width=\"500.00\"                   data-height=\"375.00\"                   data-src=\"https:\/\/ela-asso.lu\/wp-content\/uploads\/photo-gallery\/thumb\/WhatsApp-Image-2024-05-06-a-18.15.20_61d2e590.jpg?bwg=1715015060\"                   src=\"https:\/\/ela-asso.lu\/wp-content\/uploads\/photo-gallery\/thumb\/WhatsApp-Image-2024-05-06-a-18.15.20_61d2e590.jpg?bwg=1715015060\"                   alt=\"MTBE - Lalux\"                   title=\"MTBE - Lalux\" \/>            <\/div>            <div class=\"\">              <div class=\"bwg-title1\"><div class=\"bwg-title2\">MTBE - Lalux<\/div><\/div>                                        <\/div>          <\/div>        <\/div>                        <\/a>              <\/div>            <div class=\"bwg-item\">        <a class=\"bwg-a  bwg_lightbox\"  data-image-id=\"282\" href=\"https:\/\/ela-asso.lu\/wp-content\/uploads\/photo-gallery\/WhatsApp-Image-2024-05-06-a-18.15.20_b1e0f675.jpg?bwg=1715015060\" data-elementor-open-lightbox=\"no\">                <div class=\"bwg-item0 \">          <div class=\"bwg-item1 \">            <div class=\"bwg-item2\">              <img class=\"skip-lazy bwg_standart_thumb_img_0 \"                   data-id=\"282\"                   data-width=\"500.00\"                   data-height=\"375.00\"                   data-src=\"https:\/\/ela-asso.lu\/wp-content\/uploads\/photo-gallery\/thumb\/WhatsApp-Image-2024-05-06-a-18.15.20_b1e0f675.jpg?bwg=1715015060\"                   src=\"https:\/\/ela-asso.lu\/wp-content\/uploads\/photo-gallery\/thumb\/WhatsApp-Image-2024-05-06-a-18.15.20_b1e0f675.jpg?bwg=1715015060\"                   alt=\"MTBE - SDWorx\"                   title=\"MTBE - SDWorx\" \/>            <\/div>            <div class=\"\">              <div class=\"bwg-title1\"><div class=\"bwg-title2\">MTBE - SDWorx<\/div><\/div>                                        <\/div>          <\/div>        <\/div>                        <\/a>              <\/div>            <div class=\"bwg-item\">        <a class=\"bwg-a  bwg_lightbox\"  data-image-id=\"252\" href=\"https:\/\/ela-asso.lu\/wp-content\/uploads\/photo-gallery\/35391595_10157803869973508_257270533895225344_n.jpg?bwg=1715001175\" data-elementor-open-lightbox=\"no\">                <div class=\"bwg-item0 \">          <div class=\"bwg-item1 \">            <div class=\"bwg-item2\">              <img class=\"skip-lazy bwg_standart_thumb_img_0 \"                   data-id=\"252\"                   data-width=\"500.00\"                   data-height=\"375.00\"                   data-src=\"https:\/\/ela-asso.lu\/wp-content\/uploads\/photo-gallery\/thumb\/35391595_10157803869973508_257270533895225344_n.jpg?bwg=1715001175\"                   src=\"https:\/\/ela-asso.lu\/wp-content\/uploads\/photo-gallery\/thumb\/35391595_10157803869973508_257270533895225344_n.jpg?bwg=1715001175\"                   alt=\"MTBE 2021 COURSE..\"                   title=\"MTBE 2021 COURSE..\" \/>            <\/div>            <div class=\"\">              <div class=\"bwg-title1\"><div class=\"bwg-title2\">MTBE 2021 COURSE..<\/div><\/div>                                        <\/div>          <\/div>        <\/div>                        <\/a>              <\/div>            <div class=\"bwg-item\">        <a class=\"bwg-a  bwg_lightbox\"  data-image-id=\"253\" href=\"https:\/\/ela-asso.lu\/wp-content\/uploads\/photo-gallery\/Journ\u00e9e_marche_ELA_1.jpg?bwg=1715001175\" data-elementor-open-lightbox=\"no\">                <div class=\"bwg-item0 \">          <div class=\"bwg-item1 \">            <div class=\"bwg-item2\">              <img class=\"skip-lazy bwg_standart_thumb_img_0 \"                   data-id=\"253\"                   data-width=\"500.00\"                   data-height=\"243.00\"                   data-src=\"https:\/\/ela-asso.lu\/wp-content\/uploads\/photo-gallery\/thumb\/Journ\u00e9e_marche_ELA_1.jpg?bwg=1715001175\"                   src=\"https:\/\/ela-asso.lu\/wp-content\/uploads\/photo-gallery\/thumb\/Journ\u00e9e_marche_ELA_1.jpg?bwg=1715001175\"                   alt=\"Journ\u00e9e marche ELA 2021\"                   title=\"Journ\u00e9e marche ELA 2021\" \/>            <\/div>            <div class=\"\">              <div class=\"bwg-title1\"><div class=\"bwg-title2\">Journ\u00e9e marche ELA 2021<\/div><\/div>                                        <\/div>          <\/div>        <\/div>                        <\/a>              <\/div>            <div class=\"bwg-item\">        <a class=\"bwg-a  bwg_lightbox\"  data-image-id=\"251\" href=\"https:\/\/ela-asso.lu\/wp-content\/uploads\/photo-gallery\/ELA2.jpg?bwg=1715000885\" data-elementor-open-lightbox=\"no\">                <div class=\"bwg-item0 \">          <div class=\"bwg-item1 \">            <div class=\"bwg-item2\">              <img class=\"skip-lazy bwg_standart_thumb_img_0 \"                   data-id=\"251\"                   data-width=\"500.00\"                   data-height=\"375.00\"                   data-src=\"https:\/\/ela-asso.lu\/wp-content\/uploads\/photo-gallery\/thumb\/ELA2.jpg?bwg=1715000885\"                   src=\"https:\/\/ela-asso.lu\/wp-content\/uploads\/photo-gallery\/thumb\/ELA2.jpg?bwg=1715000885\"                   alt=\"Ensemble MTB 2021\"                   title=\"Ensemble MTB 2021\" \/>            <\/div>            <div class=\"\">              <div class=\"bwg-title1\"><div class=\"bwg-title2\">Ensemble MTB 2021<\/div><\/div>                                        <\/div>          <\/div>        <\/div>                        <\/a>              <\/div>          <\/div>              <\/div>        <\/form>        <style>          #bwg_container1_0 #bwg_container2_0 #spider_popup_overlay_0 {          background-color: #FFFFFF;          opacity: 0.95;          }          <\/style>        <div id=\"bwg_spider_popup_loading_0\" class=\"bwg_spider_popup_loading\"><\/div>        <div id=\"spider_popup_overlay_0\" class=\"spider_popup_overlay\" onclick=\"spider_destroypopup(1000)\"><\/div>        <input type=\"hidden\" id=\"bwg_random_seed_0\" value=\"2101894258\">                <\/div>    <\/div>    <script>      if (document.readyState === 'complete') {        if( typeof bwg_main_ready == 'function' ) {          if ( jQuery(\"#bwg_container1_0\").height() ) {            bwg_main_ready(jQuery(\"#bwg_container1_0\"));          }        }      } else {        document.addEventListener('DOMContentLoaded', function() {          if( typeof bwg_main_ready == 'function' ) {            if ( jQuery(\"#bwg_container1_0\").height() ) {             bwg_main_ready(jQuery(\"#bwg_container1_0\"));            }          }        });      }    <\/script>    \n<p>&nbsp;<\/p>\n<p>&nbsp;<\/p>\n<h3><\/h3>\n<p>&nbsp;<\/p>\n","protected":false},"excerpt":{"rendered":"<p>Merci aux entreprises partenaires en 2021 ! Gr\u00e2ce \u00e0 vous, chaque ann\u00e9e, nous sommes plus forts! SD Worx et Lalux ont rejoint le combat, et l&#8217;\u00e9quipe des leucofighters, superh\u00e9ros qui battent les leucodystrophies. Le combat continue et les succ\u00e8s sont au RDV avec, pour la 1\u00e8re fois,\u00a0 l&#8217;autorisation de mise<span class=\"more-link\"><a href=\"https:\/\/ela-asso.lu\/lu\/2021-2\/\">Read More &rarr;<\/a><\/span><\/p>\n","protected":false},"author":4,"featured_media":0,"parent":0,"menu_order":0,"comment_status":"closed","ping_status":"closed","template":"","meta":{"two_page_speed":[]},"_links":{"self":[{"href":"https:\/\/ela-asso.lu\/lu\/wp-json\/wp\/v2\/pages\/2356"}],"collection":[{"href":"https:\/\/ela-asso.lu\/lu\/wp-json\/wp\/v2\/pages"}],"about":[{"href":"https:\/\/ela-asso.lu\/lu\/wp-json\/wp\/v2\/types\/page"}],"author":[{"embeddable":true,"href":"https:\/\/ela-asso.lu\/lu\/wp-json\/wp\/v2\/users\/4"}],"replies":[{"embeddable":true,"href":"https:\/\/ela-asso.lu\/lu\/wp-json\/wp\/v2\/comments?post=2356"}],"version-history":[{"count":3,"href":"https:\/\/ela-asso.lu\/lu\/wp-json\/wp\/v2\/pages\/2356\/revisions"}],"predecessor-version":[{"id":2424,"href":"https:\/\/ela-asso.lu\/lu\/wp-json\/wp\/v2\/pages\/2356\/revisions\/2424"}],"wp:attachment":[{"href":"https:\/\/ela-asso.lu\/lu\/wp-json\/wp\/v2\/media?parent=2356"}],"curies":[{"name":"wp","href":"https:\/\/api.w.org\/{rel}","templated":true}]}}