{"id":47,"date":"2018-03-19T15:23:46","date_gmt":"2018-03-19T14:23:46","guid":{"rendered":"http:\/\/ela-asso.lu\/?page_id=47"},"modified":"2020-12-18T14:47:07","modified_gmt":"2020-12-18T13:47:07","slug":"accompagnement-des-familles","status":"publish","type":"page","link":"https:\/\/ela-asso.lu\/lu\/accompagnement-des-familles\/","title":{"rendered":"Begleedung vun de Familljen"},"content":{"rendered":"<p>Z\u00ebnter hirer Gr\u00ebnnung, stellt d\u2019ELA d\u00e9i betraffe Familljen an de M\u00ebttelpunkt vun all hiren Aktiounen. All Struktur begleet a sengem Land d\u00e9i Krank an hir Famill duerch all d\u2019Etappe vun der Krankheet. D\u00ebs \u00cbnnerstetzung kann verschidde Formen hunn w\u00e9i z.B. psychologesch, medizinesch-sozial a finanziell \u00cbnnerstetzung, d\u2019Organisatioun vun Selbsthilfergruppen asw.<\/p>\n<p>D&#8217;L\u00e9isungen, d&#8217;Moyenen an d&#8217;Methode fir d&#8217;\u00cbnnerst\u00ebtzung ginn un d\u00e9i verschidden Handicapen adapt\u00e9iert (motor, sensoresch, kognitiv, psychesch, polyhandicap). All Handicap kritt hir \u00cbnnerst\u00ebtzung an hir ganz spezifesch L\u00e9isungen. Den evolutive Charakter vun der Pathologie mat, heiansdo rare Blitzentw\u00e9cklungen, erfuerdert konstant Upassungen vun de Moyenen, der Pfleeg an \u00cbnnerst\u00ebtzung.<\/p>\n<div style=\"width: 640px;\" class=\"wp-video\"><!--[if lt IE 9]><script>document.createElement('video');<\/script><![endif]-->\n<video class=\"wp-video-shortcode\" id=\"video-47-1\" width=\"640\" height=\"360\" autoplay=\"1\" preload=\"metadata\" controls=\"controls\"><source type=\"video\/mp4\" src=\"http:\/\/ela-asso.lu\/wp-content\/uploads\/2018\/03\/2014-Week-end-des-familles-dELA-a-Center-Parcs-les-parrain.mp4?_=1\" \/><a href=\"http:\/\/ela-asso.lu\/wp-content\/uploads\/2018\/03\/2014-Week-end-des-familles-dELA-a-Center-Parcs-les-parrain.mp4\">http:\/\/ela-asso.lu\/wp-content\/uploads\/2018\/03\/2014-Week-end-des-familles-dELA-a-Center-Parcs-les-parrain.mp4<\/a><\/video><\/div>\n","protected":false},"excerpt":{"rendered":"<p>Z\u00ebnter hirer Gr\u00ebnnung, stellt d\u2019ELA d\u00e9i betraffe Familljen an de M\u00ebttelpunkt vun all hiren Aktiounen. All Struktur begleet a sengem Land d\u00e9i Krank an hir Famill duerch all d\u2019Etappe vun der Krankheet. D\u00ebs \u00cbnnerstetzung kann verschidde Formen hunn w\u00e9i z.B. psychologesch, medizinesch-sozial a finanziell \u00cbnnerstetzung, d\u2019Organisatioun vun Selbsthilfergruppen asw. D&#8217;L\u00e9isungen,<span class=\"more-link\"><a href=\"https:\/\/ela-asso.lu\/lu\/accompagnement-des-familles\/\">Read More &rarr;<\/a><\/span><\/p>\n","protected":false},"author":1,"featured_media":0,"parent":0,"menu_order":0,"comment_status":"closed","ping_status":"closed","template":"","meta":{"two_page_speed":[]},"_links":{"self":[{"href":"https:\/\/ela-asso.lu\/lu\/wp-json\/wp\/v2\/pages\/47"}],"collection":[{"href":"https:\/\/ela-asso.lu\/lu\/wp-json\/wp\/v2\/pages"}],"about":[{"href":"https:\/\/ela-asso.lu\/lu\/wp-json\/wp\/v2\/types\/page"}],"author":[{"embeddable":true,"href":"https:\/\/ela-asso.lu\/lu\/wp-json\/wp\/v2\/users\/1"}],"replies":[{"embeddable":true,"href":"https:\/\/ela-asso.lu\/lu\/wp-json\/wp\/v2\/comments?post=47"}],"version-history":[{"count":4,"href":"https:\/\/ela-asso.lu\/lu\/wp-json\/wp\/v2\/pages\/47\/revisions"}],"predecessor-version":[{"id":1631,"href":"https:\/\/ela-asso.lu\/lu\/wp-json\/wp\/v2\/pages\/47\/revisions\/1631"}],"wp:attachment":[{"href":"https:\/\/ela-asso.lu\/lu\/wp-json\/wp\/v2\/media?parent=47"}],"curies":[{"name":"wp","href":"https:\/\/api.w.org\/{rel}","templated":true}]}}