{"id":64,"date":"2018-03-19T15:47:02","date_gmt":"2018-03-19T14:47:02","guid":{"rendered":"http:\/\/ela-asso.lu\/?page_id=64"},"modified":"2020-12-18T14:47:22","modified_gmt":"2020-12-18T13:47:22","slug":"nos-valeurs","status":"publish","type":"page","link":"https:\/\/ela-asso.lu\/lu\/nos-valeurs\/","title":{"rendered":"Eis Werter"},"content":{"rendered":"<p style=\"text-align: center;\"><div class=\"ich-prefix\">\r\n\r\n    \r\n    <div class=\"row wcp-fgg-wrap\" style=\"width:auto;margin-left: -0;margin-right: -0;\">\r\n\r\n                                <div class=\"col-1-5\" style=\"padding: 0;\">\r\n                <div class=\"wcp-caption-plugin\" ontouchstart=\"\" id=\"wcp-widget-192-0\" style=\"\">\r\n            <div class=\"image-caption-box\">\r\n            <div class=\"caption slide-left-to-right\"\r\n                style=\"background-color: ;\r\n                    color: ;\">\r\n                <div style=\"display:table;height:100%;width: 100%;\">\r\n                    <div class=\"centered-text\" style=\"text-align: center; padding: 5px;\">\r\n                        Solliciter, impliquer, rendre acteur                     <\/div>\r\n                <\/div>\r\n            <\/div>\r\n            <img class=\"wcp-caption-image\" src=\"http:\/\/ela-asso.lu\/wp-content\/uploads\/2018\/03\/valeurs1a.jpg\" title=\"Solliciter, impliquer, rendre acteur \" alt=\"Solliciter, impliquer, rendre acteur \" style=\"\"\/>\r\n        <\/div>\r\n\r\n    <\/div>\r\n<style>\r\n    <\/style>            <\/div>\r\n            \r\n                                <div class=\"col-1-5\" style=\"padding: 0;\">\r\n                <div class=\"wcp-caption-plugin\" ontouchstart=\"\" id=\"wcp-widget-192-1\" style=\"\">\r\n            <div class=\"image-caption-box\">\r\n            <div class=\"caption slide-left-to-right\"\r\n                style=\"background-color: ;\r\n                    color: ;\">\r\n                <div style=\"display:table;height:100%;width: 100%;\">\r\n                    <div class=\"centered-text\" style=\"text-align: center; padding: 5px;\">\r\n                        Partager, donner, s'investir pour autrui et porter assistance                    <\/div>\r\n                <\/div>\r\n            <\/div>\r\n            <img class=\"wcp-caption-image\" src=\"http:\/\/ela-asso.lu\/wp-content\/uploads\/2018\/03\/valeurs2a.jpg\" title=\"Partager, donner, s'investir pour autrui et porter assistance\" alt=\"Partager, donner, s'investir pour autrui et porter assistance\" style=\"\"\/>\r\n        <\/div>\r\n\r\n    <\/div>\r\n<style>\r\n    <\/style>            <\/div>\r\n            \r\n                                <div class=\"col-1-5\" style=\"padding: 0;\">\r\n                <div class=\"wcp-caption-plugin\" ontouchstart=\"\" id=\"wcp-widget-192-2\" style=\"\">\r\n            <div class=\"image-caption-box\">\r\n            <div class=\"caption slide-left-to-right\"\r\n                style=\"background-color: ;\r\n                    color: ;\">\r\n                <div style=\"display:table;height:100%;width: 100%;\">\r\n                    <div class=\"centered-text\" style=\"text-align: center; padding: 5px;\">\r\n                        Agir en permanence avec le souci de l\u2019autre                    <\/div>\r\n                <\/div>\r\n            <\/div>\r\n            <img class=\"wcp-caption-image\" src=\"http:\/\/ela-asso.lu\/wp-content\/uploads\/2018\/03\/valeurs3a.jpg\" title=\"Agir en permanence avec le souci de l\u2019autre\" alt=\"Agir en permanence avec le souci de l\u2019autre\" style=\"\"\/>\r\n        <\/div>\r\n\r\n    <\/div>\r\n<style>\r\n    <\/style>            <\/div>\r\n            \r\n                                <div class=\"col-1-5\" style=\"padding: 0;\">\r\n                <div class=\"wcp-caption-plugin\" ontouchstart=\"\" id=\"wcp-widget-192-3\" style=\"\">\r\n            <div class=\"image-caption-box\">\r\n            <div class=\"caption slide-left-to-right\"\r\n                style=\"background-color: ;\r\n                    color: ;\">\r\n                <div style=\"display:table;height:100%;width: 100%;\">\r\n                    <div class=\"centered-text\" style=\"text-align: center; padding: 5px;\">\r\n                        Aller de l'avant, innover                    <\/div>\r\n                <\/div>\r\n            <\/div>\r\n            <img class=\"wcp-caption-image\" src=\"http:\/\/ela-asso.lu\/wp-content\/uploads\/2018\/03\/valeurs4a.jpg\" title=\"Aller de l'avant, innover\" alt=\"Aller de l'avant, innover\" style=\"\"\/>\r\n        <\/div>\r\n\r\n    <\/div>\r\n<style>\r\n    <\/style>            <\/div>\r\n            \r\n                                <div class=\"col-1-5\" style=\"padding: 0;\">\r\n                <div class=\"wcp-caption-plugin\" ontouchstart=\"\" id=\"wcp-widget-192-4\" style=\"\">\r\n            <div class=\"image-caption-box\">\r\n            <div class=\"caption slide-left-to-right\"\r\n                style=\"background-color: ;\r\n                    color: ;\">\r\n                <div style=\"display:table;height:100%;width: 100%;\">\r\n                    <div class=\"centered-text\" style=\"text-align: center; padding: 5px;\">\r\n                        Accueillir avec chaleur humaine                    <\/div>\r\n                <\/div>\r\n            <\/div>\r\n            <img class=\"wcp-caption-image\" src=\"http:\/\/ela-asso.lu\/wp-content\/uploads\/2018\/03\/valeurs5a.jpg\" title=\"Accueillir avec chaleur humaine\" alt=\"Accueillir avec chaleur humaine\" style=\"\"\/>\r\n        <\/div>\r\n\r\n    <\/div>\r\n<style>\r\n    <\/style>            <\/div>\r\n            \r\n                                <div class=\"col-1-5\" style=\"padding: 0;\">\r\n                <div class=\"wcp-caption-plugin\" ontouchstart=\"\" id=\"wcp-widget-192-5\" style=\"\">\r\n            <div class=\"image-caption-box\">\r\n            <div class=\"caption slide-left-to-right\"\r\n                style=\"background-color: ;\r\n                    color: ;\">\r\n                <div style=\"display:table;height:100%;width: 100%;\">\r\n                    <div class=\"centered-text\" style=\"text-align: center; padding: 5px;\">\r\n                        Informer, rendre lisible, accessible                    <\/div>\r\n                <\/div>\r\n            <\/div>\r\n            <img class=\"wcp-caption-image\" src=\"http:\/\/ela-asso.lu\/wp-content\/uploads\/2018\/03\/valeurs6a.jpg\" title=\"Informer, rendre lisible, accessible\" alt=\"Informer, rendre lisible, accessible\" style=\"\"\/>\r\n        <\/div>\r\n\r\n    <\/div>\r\n<style>\r\n    <\/style>            <\/div>\r\n            \r\n                                <div class=\"col-1-5\" style=\"padding: 0;\">\r\n                <div class=\"wcp-caption-plugin\" ontouchstart=\"\" id=\"wcp-widget-192-6\" style=\"\">\r\n            <div class=\"image-caption-box\">\r\n            <div class=\"caption slide-left-to-right\"\r\n                style=\"background-color: ;\r\n                    color: ;\">\r\n                <div style=\"display:table;height:100%;width: 100%;\">\r\n                    <div class=\"centered-text\" style=\"text-align: center; padding: 5px;\">\r\n                        \u00c9valuer, donner primaut\u00e9 \u00e0 l'exigence                    <\/div>\r\n                <\/div>\r\n            <\/div>\r\n            <img class=\"wcp-caption-image\" src=\"http:\/\/ela-asso.lu\/wp-content\/uploads\/2018\/03\/valeurs7a.jpg\" title=\"\u00c9valuer, donner primaut\u00e9 \u00e0 l'exigence\" alt=\"\u00c9valuer, donner primaut\u00e9 \u00e0 l'exigence\" style=\"\"\/>\r\n        <\/div>\r\n\r\n    <\/div>\r\n<style>\r\n    <\/style>            <\/div>\r\n            \r\n                                <div class=\"col-1-5\" style=\"padding: 0;\">\r\n                <div class=\"wcp-caption-plugin\" ontouchstart=\"\" id=\"wcp-widget-192-7\" style=\"\">\r\n            <div class=\"image-caption-box\">\r\n            <div class=\"caption slide-left-to-right\"\r\n                style=\"background-color: ;\r\n                    color: ;\">\r\n                <div style=\"display:table;height:100%;width: 100%;\">\r\n                    <div class=\"centered-text\" style=\"text-align: center; padding: 5px;\">\r\n                        Toujours croire en l'av\u00e8nement d'am\u00e9liorations possibles                    <\/div>\r\n                <\/div>\r\n            <\/div>\r\n            <img class=\"wcp-caption-image\" src=\"http:\/\/ela-asso.lu\/wp-content\/uploads\/2018\/03\/valeurs8a.jpg\" title=\"Toujours croire en l'av\u00e8nement d'am\u00e9liorations possibles\" alt=\"Toujours croire en l'av\u00e8nement d'am\u00e9liorations possibles\" style=\"\"\/>\r\n        <\/div>\r\n\r\n    <\/div>\r\n<style>\r\n    <\/style>            <\/div>\r\n            \r\n                                <div class=\"col-1-5\" style=\"padding: 0;\">\r\n                <div class=\"wcp-caption-plugin\" ontouchstart=\"\" id=\"wcp-widget-192-8\" style=\"\">\r\n            <div class=\"image-caption-box\">\r\n            <div class=\"caption slide-left-to-right\"\r\n                style=\"background-color: ;\r\n                    color: ;\">\r\n                <div style=\"display:table;height:100%;width: 100%;\">\r\n                    <div class=\"centered-text\" style=\"text-align: center; padding: 5px;\">\r\n                        Agir pour une cause \u00e9prouv\u00e9e, investir chaque acte, prendre parti                    <\/div>\r\n                <\/div>\r\n            <\/div>\r\n            <img class=\"wcp-caption-image\" src=\"http:\/\/ela-asso.lu\/wp-content\/uploads\/2018\/03\/valeurs9a.jpg\" title=\"Agir pour une cause \u00e9prouv\u00e9e, investir chaque acte, prendre parti\" alt=\"Agir pour une cause \u00e9prouv\u00e9e, investir chaque acte, prendre parti\" style=\"\"\/>\r\n        <\/div>\r\n\r\n    <\/div>\r\n<style>\r\n    <\/style>            <\/div>\r\n            \r\n                                <div class=\"col-1-5\" style=\"padding: 0;\">\r\n                <div class=\"wcp-caption-plugin\" ontouchstart=\"\" id=\"wcp-widget-192-9\" style=\"\">\r\n            <div class=\"image-caption-box\">\r\n            <div class=\"caption slide-left-to-right\"\r\n                style=\"background-color: ;\r\n                    color: ;\">\r\n                <div style=\"display:table;height:100%;width: 100%;\">\r\n                    <div class=\"centered-text\" style=\"text-align: center; padding: 5px;\">\r\n                        Partout, \u00e0 tout \u00e2ge, partager les m\u00eames valeurs                    <\/div>\r\n                <\/div>\r\n            <\/div>\r\n            <img class=\"wcp-caption-image\" src=\"http:\/\/ela-asso.lu\/wp-content\/uploads\/2018\/03\/valeurs10a.jpg\" title=\"Partout, \u00e0 tout \u00e2ge, partager les m\u00eames valeurs\" alt=\"Partout, \u00e0 tout \u00e2ge, partager les m\u00eames valeurs\" style=\"\"\/>\r\n        <\/div>\r\n\r\n    <\/div>\r\n<style>\r\n    <\/style>            <\/div>\r\n            \r\n                                <div class=\"col-1-5\" style=\"padding: 0;\">\r\n                <div class=\"wcp-caption-plugin\" ontouchstart=\"\" id=\"wcp-widget-192-10\" style=\"\">\r\n            <div class=\"image-caption-box\">\r\n            <div class=\"caption slide-left-to-right\"\r\n                style=\"background-color: ;\r\n                    color: ;\">\r\n                <div style=\"display:table;height:100%;width: 100%;\">\r\n                    <div class=\"centered-text\" style=\"text-align: center; padding: 5px;\">\r\n                        Placer la personne humaine au-dessus de tout                    <\/div>\r\n                <\/div>\r\n            <\/div>\r\n            <img class=\"wcp-caption-image\" src=\"http:\/\/ela-asso.lu\/wp-content\/uploads\/2018\/03\/valeurs11a.jpg\" title=\"Placer la personne humaine au-dessus de tout\" alt=\"Placer la personne humaine au-dessus de tout\" style=\"\"\/>\r\n        <\/div>\r\n\r\n    <\/div>\r\n<style>\r\n    <\/style>            <\/div>\r\n            \r\n                                <div class=\"col-1-5\" style=\"padding: 0;\">\r\n                <div class=\"wcp-caption-plugin\" ontouchstart=\"\" id=\"wcp-widget-192-11\" style=\"\">\r\n            <div class=\"image-caption-box\">\r\n            <div class=\"caption slide-left-to-right\"\r\n                style=\"background-color: ;\r\n                    color: ;\">\r\n                <div style=\"display:table;height:100%;width: 100%;\">\r\n                    <div class=\"centered-text\" style=\"text-align: center; padding: 5px;\">\r\n                        Sensibiliser, impliquer, solliciter, faire adh\u00e9rer                    <\/div>\r\n                <\/div>\r\n            <\/div>\r\n            <img class=\"wcp-caption-image\" src=\"http:\/\/ela-asso.lu\/wp-content\/uploads\/2018\/03\/valeurs12a.jpg\" title=\"Sensibiliser, impliquer, solliciter, faire adh\u00e9rer\" alt=\"Sensibiliser, impliquer, solliciter, faire adh\u00e9rer\" style=\"\"\/>\r\n        <\/div>\r\n\r\n    <\/div>\r\n<style>\r\n    <\/style>            <\/div>\r\n            \r\n                                <div class=\"col-1-5\" style=\"padding: 0;\">\r\n                <div class=\"wcp-caption-plugin\" ontouchstart=\"\" id=\"wcp-widget-192-12\" style=\"\">\r\n            <div class=\"image-caption-box\">\r\n            <div class=\"caption slide-left-to-right\"\r\n                style=\"background-color: ;\r\n                    color: ;\">\r\n                <div style=\"display:table;height:100%;width: 100%;\">\r\n                    <div class=\"centered-text\" style=\"text-align: center; padding: 5px;\">\r\n                        Respecter la personne dans son int\u00e9grit\u00e9, dans sa singularit\u00e9, son intimit\u00e9, la pr\u00e9server                    <\/div>\r\n                <\/div>\r\n            <\/div>\r\n            <img class=\"wcp-caption-image\" src=\"http:\/\/ela-asso.lu\/wp-content\/uploads\/2018\/03\/valeurs13a.jpg\" title=\"Respecter la personne dans son int\u00e9grit\u00e9, dans sa singularit\u00e9, son intimit\u00e9, la pr\u00e9server\" alt=\"Respecter la personne dans son int\u00e9grit\u00e9, dans sa singularit\u00e9, son intimit\u00e9, la pr\u00e9server\" style=\"\"\/>\r\n        <\/div>\r\n\r\n    <\/div>\r\n<style>\r\n    <\/style>            <\/div>\r\n            \r\n                                <div class=\"col-1-5\" style=\"padding: 0;\">\r\n                <div class=\"wcp-caption-plugin\" ontouchstart=\"\" id=\"wcp-widget-192-13\" style=\"\">\r\n            <div class=\"image-caption-box\">\r\n            <div class=\"caption slide-left-to-right\"\r\n                style=\"background-color: ;\r\n                    color: ;\">\r\n                <div style=\"display:table;height:100%;width: 100%;\">\r\n                    <div class=\"centered-text\" style=\"text-align: center; padding: 5px;\">\r\n                        Faire avancer le savoir, les connaissances sur la maladie                    <\/div>\r\n                <\/div>\r\n            <\/div>\r\n            <img class=\"wcp-caption-image\" src=\"http:\/\/ela-asso.lu\/wp-content\/uploads\/2018\/03\/valeurs14a.jpg\" title=\"Faire avancer le savoir, les connaissances sur la maladie\" alt=\"Faire avancer le savoir, les connaissances sur la maladie\" style=\"\"\/>\r\n        <\/div>\r\n\r\n    <\/div>\r\n<style>\r\n    <\/style>            <\/div>\r\n            \r\n                                <div class=\"col-1-5\" style=\"padding: 0;\">\r\n                <div class=\"wcp-caption-plugin\" ontouchstart=\"\" id=\"wcp-widget-192-14\" style=\"\">\r\n            <div class=\"image-caption-box\">\r\n            <div class=\"caption slide-left-to-right\"\r\n                style=\"background-color: ;\r\n                    color: ;\">\r\n                <div style=\"display:table;height:100%;width: 100%;\">\r\n                    <div class=\"centered-text\" style=\"text-align: center; padding: 5px;\">\r\n                        Permettre au malade d'\u00eatre acteur de la recherche                    <\/div>\r\n                <\/div>\r\n            <\/div>\r\n            <img class=\"wcp-caption-image\" src=\"http:\/\/ela-asso.lu\/wp-content\/uploads\/2018\/03\/valeurs15a.jpg\" title=\"Permettre au malade d'\u00eatre acteur de la recherche\" alt=\"Permettre au malade d'\u00eatre acteur de la recherche\" style=\"\"\/>\r\n        <\/div>\r\n\r\n    <\/div>\r\n<style>\r\n    <\/style>            <\/div>\r\n            \r\n            <\/div>\r\n    \r\n\r\n    \r\n    <div class=\"clearfix\"><\/div>\r\n    \r\n<\/div><\/p>\n","protected":false},"excerpt":{"rendered":"<p><span class=\"more-link\"><a href=\"https:\/\/ela-asso.lu\/lu\/nos-valeurs\/\">Read More &rarr;<\/a><\/span><\/p>\n","protected":false},"author":1,"featured_media":0,"parent":0,"menu_order":0,"comment_status":"closed","ping_status":"closed","template":"","meta":{"two_page_speed":[]},"_links":{"self":[{"href":"https:\/\/ela-asso.lu\/lu\/wp-json\/wp\/v2\/pages\/64"}],"collection":[{"href":"https:\/\/ela-asso.lu\/lu\/wp-json\/wp\/v2\/pages"}],"about":[{"href":"https:\/\/ela-asso.lu\/lu\/wp-json\/wp\/v2\/types\/page"}],"author":[{"embeddable":true,"href":"https:\/\/ela-asso.lu\/lu\/wp-json\/wp\/v2\/users\/1"}],"replies":[{"embeddable":true,"href":"https:\/\/ela-asso.lu\/lu\/wp-json\/wp\/v2\/comments?post=64"}],"version-history":[{"count":3,"href":"https:\/\/ela-asso.lu\/lu\/wp-json\/wp\/v2\/pages\/64\/revisions"}],"predecessor-version":[{"id":856,"href":"https:\/\/ela-asso.lu\/lu\/wp-json\/wp\/v2\/pages\/64\/revisions\/856"}],"wp:attachment":[{"href":"https:\/\/ela-asso.lu\/lu\/wp-json\/wp\/v2\/media?parent=64"}],"curies":[{"name":"wp","href":"https:\/\/api.w.org\/{rel}","templated":true}]}}