{"id":732,"date":"2018-10-30T11:30:11","date_gmt":"2018-10-30T10:30:11","guid":{"rendered":"http:\/\/ela-asso.lu\/?page_id=732"},"modified":"2022-02-22T16:13:14","modified_gmt":"2022-02-22T15:13:14","slug":"mtbe-2019","status":"publish","type":"page","link":"https:\/\/ela-asso.lu\/lu\/mtbe-2019\/","title":{"rendered":"Aschreiwung fir d&#8217;Aktioun MTBE 2022"},"content":{"rendered":"<div class=\"wpforms-container wpforms-container-full\" id=\"wpforms-729\"><form id=\"wpforms-form-729\" class=\"wpforms-validate wpforms-form\" data-formid=\"729\" method=\"post\" enctype=\"multipart\/form-data\" action=\"\/lu\/wp-json\/wp\/v2\/pages\/732?wpforms_form_id=729\"><div class=\"wpforms-field-container\"><div id=\"wpforms-729-field_4-container\" class=\"wpforms-field wpforms-field-text\" data-field-id=\"4\"><label class=\"wpforms-field-label\" for=\"wpforms-729-field_4\">Mon entreprise <span class=\"wpforms-required-label\">*<\/span><\/label><input type=\"text\" id=\"wpforms-729-field_4\" class=\"wpforms-field-medium wpforms-field-required\" name=\"wpforms[fields][4]\" required><\/div><div id=\"wpforms-729-field_36-container\" class=\"wpforms-field wpforms-field-number\" data-field-id=\"36\"><label class=\"wpforms-field-label\" for=\"wpforms-729-field_36\">Nombre de collaborateurs<\/label><input type=\"number\" pattern=\"[0-9]*\" id=\"wpforms-729-field_36\" class=\"wpforms-field-medium\" name=\"wpforms[fields][36]\" ><\/div><div id=\"wpforms-729-field_28-container\" class=\"wpforms-field wpforms-field-text\" data-field-id=\"28\"><label class=\"wpforms-field-label\" for=\"wpforms-729-field_28\">Adresse<\/label><input type=\"text\" id=\"wpforms-729-field_28\" class=\"wpforms-field-medium\" name=\"wpforms[fields][28]\" ><\/div><div id=\"wpforms-729-field_30-container\" class=\"wpforms-field wpforms-field-text\" data-field-id=\"30\"><input type=\"text\" id=\"wpforms-729-field_30\" class=\"wpforms-field-medium\" name=\"wpforms[fields][30]\" ><\/div><div id=\"wpforms-729-field_29-container\" class=\"wpforms-field wpforms-field-text\" data-field-id=\"29\"><label class=\"wpforms-field-label\" for=\"wpforms-729-field_29\">Ville<\/label><input type=\"text\" id=\"wpforms-729-field_29\" class=\"wpforms-field-medium\" name=\"wpforms[fields][29]\" ><\/div><div id=\"wpforms-729-field_0-container\" class=\"wpforms-field wpforms-field-name\" data-field-id=\"0\"><label class=\"wpforms-field-label\" for=\"wpforms-729-field_0\">Personne contact <span class=\"wpforms-required-label\">*<\/span><\/label><div class=\"wpforms-field-row wpforms-field-medium\"><div class=\"wpforms-field-row-block wpforms-first wpforms-one-half\"><input type=\"text\" id=\"wpforms-729-field_0\" class=\"wpforms-field-name-first wpforms-field-required\" name=\"wpforms[fields][0][first]\" required><label for=\"wpforms-729-field_0\" class=\"wpforms-field-sublabel after \">Vorname<\/label><\/div><div class=\"wpforms-field-row-block wpforms-one-half\"><input type=\"text\" id=\"wpforms-729-field_0-last\" class=\"wpforms-field-name-last wpforms-field-required\" name=\"wpforms[fields][0][last]\" required><label for=\"wpforms-729-field_0-last\" class=\"wpforms-field-sublabel after \">Nachname<\/label><\/div><\/div><\/div><div id=\"wpforms-729-field_5-container\" class=\"wpforms-field wpforms-field-text\" data-field-id=\"5\"><label class=\"wpforms-field-label\" for=\"wpforms-729-field_5\">Fonction<\/label><input type=\"text\" id=\"wpforms-729-field_5\" class=\"wpforms-field-medium\" name=\"wpforms[fields][5]\" ><\/div><div id=\"wpforms-729-field_33-container\" class=\"wpforms-field wpforms-field-text\" data-field-id=\"33\"><label class=\"wpforms-field-label\" for=\"wpforms-729-field_33\">T\u00e9l\u00e9phone<\/label><input type=\"text\" id=\"wpforms-729-field_33\" class=\"wpforms-field-medium\" name=\"wpforms[fields][33]\" ><\/div><div id=\"wpforms-729-field_1-container\" class=\"wpforms-field wpforms-field-email\" data-field-id=\"1\"><label class=\"wpforms-field-label\" for=\"wpforms-729-field_1\">E-mail <span class=\"wpforms-required-label\">*<\/span><\/label><input type=\"email\" id=\"wpforms-729-field_1\" class=\"wpforms-field-medium wpforms-field-required\" name=\"wpforms[fields][1]\" required><\/div><div id=\"wpforms-729-field_7-container\" class=\"wpforms-field wpforms-field-checkbox\" data-field-id=\"7\"><label class=\"wpforms-field-label\" for=\"wpforms-729-field_7\">La journ\u00e9e de mobilisation<\/label><ul id=\"wpforms-729-field_7\"><li class=\"choice-1 depth-1\"><input type=\"checkbox\" id=\"wpforms-729-field_7_1\" name=\"wpforms[fields][7][]\" value=\"Je participe \u00e0 la date internationale jeudi 6 Juin 2024\"  ><label class=\"wpforms-field-label-inline\" for=\"wpforms-729-field_7_1\">Je participe \u00e0 la date internationale jeudi 6 Juin 2024<\/label><\/li><li class=\"choice-2 depth-1\"><input type=\"checkbox\" id=\"wpforms-729-field_7_2\" name=\"wpforms[fields][7][]\" value=\"Je participe \u00e0 la date de mon choix\"  ><label class=\"wpforms-field-label-inline\" for=\"wpforms-729-field_7_2\">Je participe \u00e0 la date de mon choix<\/label><\/li><\/ul><\/div><div id=\"wpforms-729-field_34-container\" class=\"wpforms-field wpforms-field-text\" data-field-id=\"34\"><label class=\"wpforms-field-label\" for=\"wpforms-729-field_34\">Date de mon choix :<\/label><input type=\"text\" id=\"wpforms-729-field_34\" class=\"wpforms-field-medium\" name=\"wpforms[fields][34]\" ><\/div><div id=\"wpforms-729-field_9-container\" class=\"wpforms-field wpforms-field-file-upload\" data-field-id=\"9\"><label class=\"wpforms-field-label\" for=\"wpforms-729-field_9\">Votre logo au format JPEG<\/label><input type=\"file\" id=\"wpforms-729-field_9\" data-rule-extension=\"jpg,jpeg,jpe,gif,png,bmp,tiff,tif,webp,ico,heic,asf,asx,wmv,wmx,wm,avi,divx,mov,qt,mpeg,mpg,mpe,mp4,m4v,ogv,webm,mkv,3gp,3gpp,3g2,3gp2,txt,asc,c,cc,h,srt,csv,tsv,ics,rtx,css,vtt,mp3,m4a,m4b,aac,ra,ram,wav,ogg,oga,flac,mid,midi,wma,wax,mka,rtf,pdf,class,tar,zip,gz,gzip,rar,7z,psd,xcf,doc,pot,pps,ppt,wri,xla,xls,xlt,xlw,mpp,docx,docm,dotx,dotm,xlsx,xlsm,xlsb,xltx,xltm,xlam,pptx,pptm,ppsx,ppsm,potx,potm,ppam,sldx,sldm,onetoc,onetoc2,onepkg,oxps,xps,odt,odp,ods,odg,odc,odb,odf,wp,wpd,key,numbers,pages\" data-rule-maxsize=\"134217728\" name=\"wpforms_729_9\" ><\/div><div id=\"wpforms-729-field_27-container\" class=\"wpforms-field wpforms-field-divider\" data-field-id=\"27\"><h3 id=\"wpforms-729-field_27\" name=\"wpforms[fields][27]\">Vous souhaitez b\u00e9n\u00e9ficier de supports pour l\u2019organisation de l\u2019op\u00e9ration MTBE : merci de nous pr\u00e9ciser les quantit\u00e9s<\/h3><\/div><div id=\"wpforms-729-field_19-container\" class=\"wpforms-field wpforms-field-text\" data-field-id=\"19\"><label class=\"wpforms-field-label\" for=\"wpforms-729-field_19\">Plaquettes de pr\u00e9sentation de l\u2019op\u00e9ration MTBE<\/label><input type=\"text\" id=\"wpforms-729-field_19\" class=\"wpforms-field-medium\" name=\"wpforms[fields][19]\" ><\/div><div id=\"wpforms-729-field_22-container\" class=\"wpforms-field wpforms-field-text\" data-field-id=\"22\"><label class=\"wpforms-field-label\" for=\"wpforms-729-field_22\">Affiches d\u2019annonce de l\u2019op\u00e9ration MTBE<\/label><input type=\"text\" id=\"wpforms-729-field_22\" class=\"wpforms-field-medium\" name=\"wpforms[fields][22]\" ><\/div><div id=\"wpforms-729-field_23-container\" class=\"wpforms-field wpforms-field-text\" data-field-id=\"23\"><label class=\"wpforms-field-label\" for=\"wpforms-729-field_23\">Podom\u00e8tres<\/label><input type=\"text\" id=\"wpforms-729-field_23\" class=\"wpforms-field-medium\" name=\"wpforms[fields][23]\" ><\/div><div id=\"wpforms-729-field_24-container\" class=\"wpforms-field wpforms-field-text\" data-field-id=\"24\"><label class=\"wpforms-field-label\" for=\"wpforms-729-field_24\">Bracelets<\/label><input type=\"text\" id=\"wpforms-729-field_24\" class=\"wpforms-field-medium\" name=\"wpforms[fields][24]\" ><\/div><div id=\"wpforms-729-field_25-container\" class=\"wpforms-field wpforms-field-text\" data-field-id=\"25\"><label class=\"wpforms-field-label\" for=\"wpforms-729-field_25\">T-shirts pour les organisateurs<\/label><input type=\"text\" id=\"wpforms-729-field_25\" class=\"wpforms-field-medium\" name=\"wpforms[fields][25]\" ><\/div><div id=\"wpforms-729-field_26-container\" class=\"wpforms-field wpforms-field-text\" data-field-id=\"26\"><label class=\"wpforms-field-label\" for=\"wpforms-729-field_26\">Banderoles<\/label><input type=\"text\" id=\"wpforms-729-field_26\" class=\"wpforms-field-medium\" name=\"wpforms[fields][26]\" ><\/div><div id=\"wpforms-729-field_35-container\" class=\"wpforms-field wpforms-field-divider\" data-field-id=\"35\"><h3 id=\"wpforms-729-field_35\" name=\"wpforms[fields][35]\">Nous prendrons contact avec vous prochainement pour valider les options et donn\u00e9es.<\/h3><\/div><\/div><div class=\"wpforms-field wpforms-field-hp\"><label for=\"wpforms-729-field-hp\" class=\"wpforms-field-label\">Website<\/label><input type=\"text\" name=\"wpforms[hp]\" id=\"wpforms-729-field-hp\" class=\"wpforms-field-medium\"><\/div><div class=\"wpforms-submit-container\" ><input type=\"hidden\" name=\"wpforms[id]\" value=\"729\"><input type=\"hidden\" name=\"wpforms[author]\" value=\"1\"><button type=\"submit\" name=\"wpforms[submit]\" class=\"wpforms-submit \" id=\"wpforms-submit-729\" value=\"wpforms-submit\" aria-live=\"assertive\" data-alt-text=\"Envoi en cours...\" data-submit-text=\"Envoyer\">Envoyer<\/button><\/div><\/form><\/div>  <!-- .wpforms-container -->\n","protected":false},"excerpt":{"rendered":"<p><span class=\"more-link\"><a href=\"https:\/\/ela-asso.lu\/lu\/mtbe-2019\/\">Read More &rarr;<\/a><\/span><\/p>\n","protected":false},"author":1,"featured_media":2233,"parent":0,"menu_order":0,"comment_status":"closed","ping_status":"closed","template":"","meta":{"two_page_speed":[]},"_links":{"self":[{"href":"https:\/\/ela-asso.lu\/lu\/wp-json\/wp\/v2\/pages\/732"}],"collection":[{"href":"https:\/\/ela-asso.lu\/lu\/wp-json\/wp\/v2\/pages"}],"about":[{"href":"https:\/\/ela-asso.lu\/lu\/wp-json\/wp\/v2\/types\/page"}],"author":[{"embeddable":true,"href":"https:\/\/ela-asso.lu\/lu\/wp-json\/wp\/v2\/users\/1"}],"replies":[{"embeddable":true,"href":"https:\/\/ela-asso.lu\/lu\/wp-json\/wp\/v2\/comments?post=732"}],"version-history":[{"count":8,"href":"https:\/\/ela-asso.lu\/lu\/wp-json\/wp\/v2\/pages\/732\/revisions"}],"predecessor-version":[{"id":2234,"href":"https:\/\/ela-asso.lu\/lu\/wp-json\/wp\/v2\/pages\/732\/revisions\/2234"}],"wp:featuredmedia":[{"embeddable":true,"href":"https:\/\/ela-asso.lu\/lu\/wp-json\/wp\/v2\/media\/2233"}],"wp:attachment":[{"href":"https:\/\/ela-asso.lu\/lu\/wp-json\/wp\/v2\/media?parent=732"}],"curies":[{"name":"wp","href":"https:\/\/api.w.org\/{rel}","templated":true}]}}