{"id":79,"date":"2018-03-19T15:53:09","date_gmt":"2018-03-19T14:53:09","guid":{"rendered":"http:\/\/ela-asso.lu\/?page_id=79"},"modified":"2022-02-11T16:03:13","modified_gmt":"2022-02-11T15:03:13","slug":"la-recherche","status":"publish","type":"page","link":"https:\/\/ela-asso.lu\/lu\/la-recherche\/","title":{"rendered":"D\u2019Fuerschung"},"content":{"rendered":"<div><img decoding=\"async\" loading=\"lazy\" class=\"size-full wp-image-80 alignleft\" src=\"http:\/\/ela-asso.lu\/wp-content\/uploads\/2018\/03\/recherche01-150x150.jpg\" alt=\"\" width=\"150\" height=\"150\" \/>ELA ass de gr\u00e9isste Financeur vun der Fuerschung fir d\u2019Leukodystrophie. Bis haut goufen ongef\u00e9ier 500 Fuerschungsprojekter fir insgesamt 43,5 Milliounen Euro finanz\u00e9iert. Duerch eis nohalteg Efforten, s\u00e4it m\u00e9i w\u00e9i 25 Joer, sinn mir haut am Ufank vun den \u00e9ischten Behandlungen.<\/div>\n<div><\/div>\n<div>All d&#8217;Aktioune vun der ELA hunn als Zil, Spendenaktioun fir d\u2019Fuerschung ze finanz\u00e9ieren (Sammlungen op Evenementer, Spendenappeller, Sponsorenkaarten, Parrainagen, Produktverkaf asw) .<\/div>\n<p>&nbsp;<\/p>\n<p><img decoding=\"async\" loading=\"lazy\" class=\"size-full wp-image-81 alignleft\" src=\"http:\/\/ela-asso.lu\/wp-content\/uploads\/2018\/03\/recherche03-150x150.jpg\" alt=\"\" width=\"150\" height=\"150\" \/><\/p>\n<p><strong><span style=\"color: #e41871;\">\u2022 m\u00e9i w\u00e9i 40 Milliounen Euro<\/span><\/strong> goufen an d\u00e9i medizinesch Fuerschung invest\u00e9iert ; <strong><span style=\"color: #e41871;\">511 Programmer goufen dovunner finanz\u00e9iert,<\/span> <\/strong>dat m\u00e9cht aus der ELA de gr\u00e9isste Financeur an der Leukodystrophie-Fuerschung.<br \/>\n<strong><span style=\"color: #e41871;\">\u2022 2,2 Milliounen Euro<\/span><\/strong> an enger europ\u00e4escher Biobank speziell bei Leukodystrophien.<br \/>\n<strong><span style=\"color: #e41871;\">\u2022 800.000 Euro<\/span><\/strong> an enger klinescher Multi-Center-Klinik (Barcelona, Paris, Berlin) fir Leukodystrophie.<\/p>\n<p>&nbsp;<\/p>\n<p><img decoding=\"async\" loading=\"lazy\" class=\"size-full wp-image-93 alignleft\" src=\"http:\/\/ela-asso.lu\/wp-content\/uploads\/2018\/03\/logo-ELA-international.png\" alt=\"\" width=\"76\" height=\"59\" \/><br \/>\n<a href=\"http:\/\/www.elainternational.eu\/site\/fr\/leucodystrophie-information_maladie\" target=\"_blank\" rel=\"noopener noreferrer\">M\u00e9i erfueren iwwer d\u2019Fuerschung<\/a><\/p>\n","protected":false},"excerpt":{"rendered":"<p>ELA ass de gr\u00e9isste Financeur vun der Fuerschung fir d\u2019Leukodystrophie. Bis haut goufen ongef\u00e9ier 500 Fuerschungsprojekter fir insgesamt 43,5 Milliounen Euro finanz\u00e9iert. Duerch eis nohalteg Efforten, s\u00e4it m\u00e9i w\u00e9i 25 Joer, sinn mir haut am Ufank vun den \u00e9ischten Behandlungen. All d&#8217;Aktioune vun der ELA hunn als Zil, Spendenaktioun fir<span class=\"more-link\"><a href=\"https:\/\/ela-asso.lu\/lu\/la-recherche\/\">Read More &rarr;<\/a><\/span><\/p>\n","protected":false},"author":1,"featured_media":0,"parent":0,"menu_order":0,"comment_status":"closed","ping_status":"closed","template":"","meta":{"two_page_speed":[]},"_links":{"self":[{"href":"https:\/\/ela-asso.lu\/lu\/wp-json\/wp\/v2\/pages\/79"}],"collection":[{"href":"https:\/\/ela-asso.lu\/lu\/wp-json\/wp\/v2\/pages"}],"about":[{"href":"https:\/\/ela-asso.lu\/lu\/wp-json\/wp\/v2\/types\/page"}],"author":[{"embeddable":true,"href":"https:\/\/ela-asso.lu\/lu\/wp-json\/wp\/v2\/users\/1"}],"replies":[{"embeddable":true,"href":"https:\/\/ela-asso.lu\/lu\/wp-json\/wp\/v2\/comments?post=79"}],"version-history":[{"count":15,"href":"https:\/\/ela-asso.lu\/lu\/wp-json\/wp\/v2\/pages\/79\/revisions"}],"predecessor-version":[{"id":2215,"href":"https:\/\/ela-asso.lu\/lu\/wp-json\/wp\/v2\/pages\/79\/revisions\/2215"}],"wp:attachment":[{"href":"https:\/\/ela-asso.lu\/lu\/wp-json\/wp\/v2\/media?parent=79"}],"curies":[{"name":"wp","href":"https:\/\/api.w.org\/{rel}","templated":true}]}}