{"id":887,"date":"2019-01-02T10:58:20","date_gmt":"2019-01-02T09:58:20","guid":{"rendered":"http:\/\/ela-asso.lu\/?page_id=887"},"modified":"2020-12-18T14:47:07","modified_gmt":"2020-12-18T13:47:07","slug":"agenda-2","status":"publish","type":"page","link":"https:\/\/ela-asso.lu\/lu\/agenda-2\/","title":{"rendered":"Agenda"},"content":{"rendered":"<!-- START All-in-One Event Calendar Plugin - Version 3.0.0 --> <div id=\"ai1ec-container\" class=\"ai1ec-main-container \"> <!-- AI1EC_PAGE_CONTENT_PLACEHOLDER --> <div id=\"ai1ec-calendar\" class=\"timely ai1ec-calendar\"> <div class=\"timely ai1ec-calendar-toolbar ai1ec-clearfix \"> <ul class=\"ai1ec-nav ai1ec-nav-pills ai1ec-pull-left ai1ec-filters\"> <li class=\"ai1ec-dropdown ai1ec-tag-filter \" data-slug=\"tag\"> <a class=\"ai1ec-dropdown-toggle\" data-toggle=\"ai1ec-dropdown\"> <i class=\"ai1ec-fa ai1ec-fa-tags\"><\/i> <span class=\"ai1ec-clear-filter ai1ec-tooltip-trigger\" data-href=\"https:\/\/ela-asso.lu\/lu\/calendar\/action~agenda\/request_format~json\/\" data-type=\"jsonp\" title=\"Effacer le filtre d\u2019\u00e9tiquette\"> <i class=\"ai1ec-fa ai1ec-fa-times-circle\"><\/i> <\/span> \u00c9tiquettes <span class=\"ai1ec-caret\"><\/span> <\/a> <div class=\"ai1ec-dropdown-menu\"> <span data-term=\"25\" > <a class=\"ai1ec-load-view ai1ec-tag\" data-type=\"jsonp\" href=\"https&#x3A;&#x2F;&#x2F;ela-asso.lu&#x2F;lu&#x2F;calendar&#x2F;action&#x7E;agenda&#x2F;request_format&#x7E;json&#x2F;tag_ids&#x7E;25&#x2F;\"> bien-\u00eatre <\/a> <\/span> <span data-term=\"19\" > <a class=\"ai1ec-load-view ai1ec-tag\" data-type=\"jsonp\" href=\"https&#x3A;&#x2F;&#x2F;ela-asso.lu&#x2F;lu&#x2F;calendar&#x2F;action&#x7E;agenda&#x2F;request_format&#x7E;json&#x2F;tag_ids&#x7E;19&#x2F;\"> mets tes baskets <\/a> <\/span> <span data-term=\"21\" > <a class=\"ai1ec-load-view ai1ec-tag\" data-type=\"jsonp\" href=\"https&#x3A;&#x2F;&#x2F;ela-asso.lu&#x2F;lu&#x2F;calendar&#x2F;action&#x7E;agenda&#x2F;request_format&#x7E;json&#x2F;tag_ids&#x7E;21&#x2F;\"> MTB <\/a> <\/span> <span data-term=\"22\" > <a class=\"ai1ec-load-view ai1ec-tag\" data-type=\"jsonp\" href=\"https&#x3A;&#x2F;&#x2F;ela-asso.lu&#x2F;lu&#x2F;calendar&#x2F;action&#x7E;agenda&#x2F;request_format&#x7E;json&#x2F;tag_ids&#x7E;22&#x2F;\"> on ELA <\/a> <\/span> <span data-term=\"24\" > <a class=\"ai1ec-load-view ai1ec-tag\" data-type=\"jsonp\" href=\"https&#x3A;&#x2F;&#x2F;ela-asso.lu&#x2F;lu&#x2F;calendar&#x2F;action&#x7E;agenda&#x2F;request_format&#x7E;json&#x2F;tag_ids&#x7E;24&#x2F;\"> sant\u00e9 <\/a> <\/span> <span data-term=\"23\" > <a class=\"ai1ec-load-view ai1ec-tag\" data-type=\"jsonp\" href=\"https&#x3A;&#x2F;&#x2F;ela-asso.lu&#x2F;lu&#x2F;calendar&#x2F;action&#x7E;agenda&#x2F;request_format&#x7E;json&#x2F;tag_ids&#x7E;23&#x2F;\"> sport <\/a> <\/span> <span data-term=\"20\" > <a class=\"ai1ec-load-view ai1ec-tag\" data-type=\"jsonp\" href=\"https&#x3A;&#x2F;&#x2F;ela-asso.lu&#x2F;lu&#x2F;calendar&#x2F;action&#x7E;agenda&#x2F;request_format&#x7E;json&#x2F;tag_ids&#x7E;20&#x2F;\"> tous ensemble <\/a> <\/span> <\/div> <\/li> <\/ul> <div class=\"ai1ec-pull-right\"> <\/div> <\/div> <div id=\"ai1ec-calendar-view-container\" class=\"ai1ec-calendar-view-container\"> <div id=\"ai1ec-calendar-view-loading\" class=\"ai1ec-loading ai1ec-calendar-view-loading\"><\/div> <div id=\"ai1ec-calendar-view\" class=\"ai1ec-calendar-view\"> <div class=\"ai1ec-clearfix\"> <div class=\"ai1ec-views-dropdown ai1ec-btn-group ai1ec-pull-right\"> <a class=\"ai1ec-btn ai1ec-btn-sm ai1ec-btn-default ai1ec-dropdown-toggle\" data-toggle=\"ai1ec-dropdown\"> <i class=\"ai1ec-icon-agenda ai1ec-view-icon\"><\/i> <span class=\"ai1ec-hidden-xs ai1ec-hidden-sm\"> Agenda <\/span> <span class=\"ai1ec-caret\"><\/span> <\/a> <div class=\"ai1ec-dropdown-menu\"> <div class=\"ai1ec-active\" data-action=\"agenda\"> <a id=\"ai1ec-view-agenda\" data-type=\"jsonp\" class=\"ai1ec-load-view agenda\" href=\"https:\/\/ela-asso.lu\/lu\/calendar\/action~agenda\/request_format~json\/\"> <i class=\"ai1ec-icon-agenda ai1ec-view-icon\"><\/i> <span class=\"ai1ec-hidden-xs ai1ec-hidden-sm\"> Agenda <\/span> <\/a> <\/div> <div class=\"\" data-action=\"oneday\"> <a id=\"ai1ec-view-oneday\" data-type=\"jsonp\" class=\"ai1ec-load-view oneday\" href=\"https:\/\/ela-asso.lu\/lu\/calendar\/action~oneday\/request_format~json\/\"> <i class=\"ai1ec-icon-oneday ai1ec-view-icon\"><\/i> <span class=\"ai1ec-hidden-xs ai1ec-hidden-sm\"> Jour <\/span> <\/a> <\/div> <div class=\"\" data-action=\"month\"> <a id=\"ai1ec-view-month\" data-type=\"jsonp\" class=\"ai1ec-load-view month\" href=\"https:\/\/ela-asso.lu\/lu\/calendar\/action~month\/request_format~json\/\"> <i class=\"ai1ec-icon-month ai1ec-view-icon\"><\/i> <span class=\"ai1ec-hidden-xs ai1ec-hidden-sm\"> Mois <\/span> <\/a> <\/div> <div class=\"\" data-action=\"week\"> <a id=\"ai1ec-view-week\" data-type=\"jsonp\" class=\"ai1ec-load-view week\" href=\"https:\/\/ela-asso.lu\/lu\/calendar\/action~week\/request_format~json\/\"> <i class=\"ai1ec-icon-week ai1ec-view-icon\"><\/i> <span class=\"ai1ec-hidden-xs ai1ec-hidden-sm\"> Semaine <\/span> <\/a> <\/div> <\/div> <\/div> <div class=\"ai1ec-title-buttons ai1ec-btn-toolbar\"> <div class=\"ai1ec-pagination ai1ec-btn-group\"> <a class=\"ai1ec-prev-page ai1ec-load-view ai1ec-btn ai1ec-btn-sm ai1ec-btn-default \" data-type=\"jsonp\" href=\"https&#x3A;&#x2F;&#x2F;ela-asso.lu&#x2F;lu&#x2F;calendar&#x2F;action&#x7E;agenda&#x2F;page_offset&#x7E;-1&#x2F;request_format&#x7E;json&#x2F;\"> <i class=\"ai1ec-fa ai1ec-fa-chevron-left\"><\/i> <\/a> <a class=\"ai1ec-minical-trigger ai1ec-btn ai1ec-btn-sm ai1ec-btn-default ai1ec-tooltip-trigger\" data-date=\"30\/4\/2026\" data-date-format=\"d\/m\/yyyy\" data-date-weekstart=\"1\" href=\"#\" data-href=\"https:\/\/ela-asso.lu\/lu\/calendar\/action~agenda\/exact_date~__DATE__\/\" data-lang=\"de-DE\" data-type=\"jsonp\" title=\"Choisissez une date au moyen du calendrier\" > <i class=\"ai1ec-fa ai1ec-fa-calendar-o ai1ec-fa-fw ai1ec-fa-lg\"><\/i> <span class=\"ai1ec-calendar-title\">April 2026<\/span> <span class=\"ai1ec-calendar-title-short\">Apr. 2026<\/span> <\/a> <a class=\"ai1ec-next-page ai1ec-load-view ai1ec-btn ai1ec-btn-sm ai1ec-btn-default ai1ec-disabled\" data-type=\"jsonp\" href=\"https&#x3A;&#x2F;&#x2F;ela-asso.lu&#x2F;lu&#x2F;calendar&#x2F;action&#x7E;agenda&#x2F;page_offset&#x7E;1&#x2F;request_format&#x7E;json&#x2F;\"> <i class=\"ai1ec-fa ai1ec-fa-chevron-right\"><\/i> <\/a> <\/div> <\/div> <\/div> <div class=\"ai1ec-agenda-view\"> <p class=\"ai1ec-no-results\"> Il n\u2019y a aucun \u00e9v\u00e8nement \u00e0 venir pour le moment. <\/p> <\/div> <div class=\"ai1ec-pull-left\"><div class=\"ai1ec-pagination ai1ec-btn-group\"> <a class=\"ai1ec-prev-page ai1ec-load-view ai1ec-btn ai1ec-btn-sm ai1ec-btn-default \" data-type=\"jsonp\" href=\"https&#x3A;&#x2F;&#x2F;ela-asso.lu&#x2F;lu&#x2F;calendar&#x2F;action&#x7E;agenda&#x2F;page_offset&#x7E;-1&#x2F;request_format&#x7E;json&#x2F;\"> <i class=\"ai1ec-fa ai1ec-fa-chevron-left\"><\/i> <\/a> <a class=\"ai1ec-minical-trigger ai1ec-btn ai1ec-btn-sm ai1ec-btn-default ai1ec-tooltip-trigger\" data-date=\"30\/4\/2026\" data-date-format=\"d\/m\/yyyy\" data-date-weekstart=\"1\" href=\"#\" data-href=\"https:\/\/ela-asso.lu\/lu\/calendar\/action~agenda\/exact_date~__DATE__\/\" data-lang=\"de-DE\" data-type=\"jsonp\" title=\"Choisissez une date au moyen du calendrier\" > <i class=\"ai1ec-fa ai1ec-fa-calendar-o ai1ec-fa-fw ai1ec-fa-lg\"><\/i> <span class=\"ai1ec-calendar-title\">April 2026<\/span> <span class=\"ai1ec-calendar-title-short\">Apr. 2026<\/span> <\/a> <a class=\"ai1ec-next-page ai1ec-load-view ai1ec-btn ai1ec-btn-sm ai1ec-btn-default ai1ec-disabled\" data-type=\"jsonp\" href=\"https&#x3A;&#x2F;&#x2F;ela-asso.lu&#x2F;lu&#x2F;calendar&#x2F;action&#x7E;agenda&#x2F;page_offset&#x7E;1&#x2F;request_format&#x7E;json&#x2F;\"> <i class=\"ai1ec-fa ai1ec-fa-chevron-right\"><\/i> <\/a> <\/div> <\/div> <\/div> <\/div> <div class=\"ai1ec-subscribe-container ai1ec-pull-right ai1ec-btn-group\"> <div class=\"ai1ec-subscribe-dropdown ai1ec-dropdown ai1ec-dropup ai1ec-btn ai1ec-btn-default ai1ec-btn-sm\"> <span role=\"button\" class=\"ai1ec-dropdown-toggle ai1ec-subscribe\" data-toggle=\"ai1ec-dropdown\"> <i class=\"ai1ec-fa ai1ec-icon-rss ai1ec-fa-lg ai1ec-fa-fw\"><\/i> <span class=\"ai1ec-hidden-xs\"> S\u2019abonner <span class=\"ai1ec-caret\"><\/span> <\/span> <\/span> <ul class=\"ai1ec-dropdown-menu ai1ec-pull-right\" role=\"menu\"> <li> <a class=\"ai1ec-tooltip-trigger ai1ec-tooltip-auto\" target=\"_blank\" data-placement=\"left\" title=\"Copiez cette URL pour votre propre calendrier Timely ou cliquez pour l\u2019ajouter \u00e0 votre calendrier de texte enrichi\" href=\"http&#x3A;&#x2F;&#x2F;ela-asso.lu&#x2F;&#x3F;plugin&#x3D;all-in-one-event-calendar&amp;controller&#x3D;ai1ec_exporter_controller&amp;action&#x3D;export_events\"> <i class=\"ai1ec-fa ai1ec-fa-lg ai1ec-fa-fw ai1ec-icon-timely\"><\/i> Ajouter au calendrier Timely <\/a> <\/li> <li> <a class=\"ai1ec-tooltip-trigger ai1ec-tooltip-auto\" target=\"_blank\" data-placement=\"left\" title=\"Abonnez-vous \u00e0 ce calendrier dans votre agenda Google\" href=\"https:\/\/www.google.com\/calendar\/render?cid=http&#x25;3A&#x25;2F&#x25;2Fela-asso.lu&#x25;2F&#x25;3Fplugin&#x25;3Dall-in-one-event-calendar&#x25;26controller&#x25;3Dai1ec_exporter_controller&#x25;26action&#x25;3Dexport_events&#x25;26no_html&#x25;3Dtrue&#x25;26&#x25;26\"> <i class=\"ai1ec-fa ai1ec-icon-google ai1ec-fa-lg ai1ec-fa-fw\"><\/i> Ajouter \u00e0 Google <\/a> <\/li> <li> <a class=\"ai1ec-tooltip-trigger ai1ec-tooltip-auto\" target=\"_blank\" data-placement=\"left\" title=\"Abonnez-vous \u00e0 ce calendrier dans MS Outlook\" href=\"webcal&#x3A;&#x2F;&#x2F;ela-asso.lu&#x2F;&#x3F;plugin&#x3D;all-in-one-event-calendar&amp;controller&#x3D;ai1ec_exporter_controller&amp;action&#x3D;export_events&amp;no_html&#x3D;true\"> <i class=\"ai1ec-fa ai1ec-icon-windows ai1ec-fa-lg ai1ec-fa-fw\"><\/i> Ajouter \u00e0 Outlook <\/a> <\/li> <li> <a class=\"ai1ec-tooltip-trigger ai1ec-tooltip-auto\" target=\"_blank\" data-placement=\"left\" title=\"Abonnez-vous \u00e0 ce calendrier dans votre agenda Apple\u00a0\/\u00a0iCal\" href=\"webcal&#x3A;&#x2F;&#x2F;ela-asso.lu&#x2F;&#x3F;plugin&#x3D;all-in-one-event-calendar&amp;controller&#x3D;ai1ec_exporter_controller&amp;action&#x3D;export_events&amp;no_html&#x3D;true\"> <i class=\"ai1ec-fa ai1ec-icon-apple ai1ec-fa-lg ai1ec-fa-fw\"><\/i> Ajouter au calendrier Apple <\/a> <\/li> <li> <a class=\"ai1ec-tooltip-trigger ai1ec-tooltip-auto\" data-placement=\"left\" title=\"Abonnez-vous \u00e0 ce calendrier dans un autre calendrier en texte brut\" href=\"http&#x3A;&#x2F;&#x2F;ela-asso.lu&#x2F;&#x3F;plugin&#x3D;all-in-one-event-calendar&amp;controller&#x3D;ai1ec_exporter_controller&amp;action&#x3D;export_events&amp;no_html&#x3D;true\"> <i class=\"ai1ec-fa ai1ec-icon-calendar ai1ec-fa-fw\"><\/i> Ajouter \u00e0 un autre calendrier <\/a> <\/li> <li> <a class=\"ai1ec-tooltip-trigger ai1ec-tooltip-auto\" data-placement=\"left\" title=\"\" href=\"http&#x3A;&#x2F;&#x2F;ela-asso.lu&#x2F;&#x3F;plugin&#x3D;all-in-one-event-calendar&amp;controller&#x3D;ai1ec_exporter_controller&amp;action&#x3D;export_events&xml=true\"> <i class=\"ai1ec-fa ai1ec-fa-file-text ai1ec-fa-lg ai1ec-fa-fw\"><\/i> Exporter vers XML <\/a> <\/li> <\/ul> <\/div> <\/div> <\/div><!-- \/.timely --> <\/div> <!-- END All-in-One Event Calendar Plugin --> \n","protected":false},"excerpt":{"rendered":"<p><span class=\"more-link\"><a href=\"https:\/\/ela-asso.lu\/lu\/agenda-2\/\">Read More &rarr;<\/a><\/span><\/p>\n","protected":false},"author":1,"featured_media":0,"parent":0,"menu_order":0,"comment_status":"closed","ping_status":"closed","template":"","meta":{"two_page_speed":[]},"_links":{"self":[{"href":"https:\/\/ela-asso.lu\/lu\/wp-json\/wp\/v2\/pages\/887"}],"collection":[{"href":"https:\/\/ela-asso.lu\/lu\/wp-json\/wp\/v2\/pages"}],"about":[{"href":"https:\/\/ela-asso.lu\/lu\/wp-json\/wp\/v2\/types\/page"}],"author":[{"embeddable":true,"href":"https:\/\/ela-asso.lu\/lu\/wp-json\/wp\/v2\/users\/1"}],"replies":[{"embeddable":true,"href":"https:\/\/ela-asso.lu\/lu\/wp-json\/wp\/v2\/comments?post=887"}],"version-history":[{"count":1,"href":"https:\/\/ela-asso.lu\/lu\/wp-json\/wp\/v2\/pages\/887\/revisions"}],"predecessor-version":[{"id":888,"href":"https:\/\/ela-asso.lu\/lu\/wp-json\/wp\/v2\/pages\/887\/revisions\/888"}],"wp:attachment":[{"href":"https:\/\/ela-asso.lu\/lu\/wp-json\/wp\/v2\/media?parent=887"}],"curies":[{"name":"wp","href":"https:\/\/api.w.org\/{rel}","templated":true}]}}