{"id":92,"date":"2018-03-19T16:00:35","date_gmt":"2018-03-19T15:00:35","guid":{"rendered":"http:\/\/ela-asso.lu\/?page_id=92"},"modified":"2020-12-18T14:47:07","modified_gmt":"2020-12-18T13:47:07","slug":"ela-international","status":"publish","type":"page","link":"https:\/\/ela-asso.lu\/lu\/ela-international\/","title":{"rendered":"ELA International"},"content":{"rendered":"<p>ELA International ass eng <strong><span style=\"color: #e41871;\">net gew\u00ebnn br\u00e9ngend, europ\u00e4esch wirtschaftlech Interesse Group.<\/span><\/strong> Hir Haaptaufgab, souwuel am Grand-Duch\u00e9 vu L\u00ebtzebuerg, wou Si hire S\u00ebtz huet an och an anere L\u00e4nner, ass d\u2019Entw\u00e9cklungs- an d\u2019Fondsfuerrschung. D\u00ebs Struktur ass mat de verschiddene ELA Associatiounen verbonnen.<\/p>\n<p style=\"text-align: center;\"><img decoding=\"async\" loading=\"lazy\" class=\"alignnone size-full wp-image-93 aligncenter\" src=\"http:\/\/ela-asso.lu\/wp-content\/uploads\/2018\/03\/logo-ELA-international.png\" alt=\"\" width=\"76\" height=\"59\" \/><a href=\"http:\/\/www.elainternational.eu\" target=\"_blank\" rel=\"noopener noreferrer\"><span style=\"color: #e41871;\">ELA International Webs\u00e4it<\/span><\/a><\/p>\n<p>ELA International huet als Missioun <strong><span style=\"color: #e41871;\">national Associatiounen ze entw\u00e9ckelen<\/span><\/strong> d\u00e9i \u00cbnnerst\u00ebtzung an H\u00ebllef ubidden an nei Wee\u00ebr an der Fuerscher fannen. ELA International kann all Schr\u00ebtter duerchf\u00e9ieren a medizinesch sozial Projeten, d\u2019Fuerschung an Entw\u00e9cklungsprojeten iwwer Leukodystrophien a Myelinreparatur am Kader vun internationale Partnerschaften ze maachen. <strong><span style=\"color: #e41871;\">Fuerschung vu Leukodystrophien<\/span><\/strong> h\u00e4nkt vun der F\u00e4hegkeet of, eng grouss Zuel vu Patienten an homogene Kohorten zesummenzebr\u00e9ngen fir de Betriber, d\u00e9i m\u00ebnschlech klinesch Versucher entw\u00e9ckelen, d\u2019M\u00e9iglechkeet ze ginn, d\u2019Krankheet ze erfuerschen.<\/p>\n<p><img decoding=\"async\" loading=\"lazy\" class=\"alignnone size-full wp-image-998 aligncenter\" src=\"http:\/\/ela-asso.lu\/wp-content\/uploads\/2019\/01\/organigramme_2019.jpg\" alt=\"\" width=\"455\" height=\"562\" \/><\/p>\n","protected":false},"excerpt":{"rendered":"<p>ELA International ass eng net gew\u00ebnn br\u00e9ngend, europ\u00e4esch wirtschaftlech Interesse Group. Hir Haaptaufgab, souwuel am Grand-Duch\u00e9 vu L\u00ebtzebuerg, wou Si hire S\u00ebtz huet an och an anere L\u00e4nner, ass d\u2019Entw\u00e9cklungs- an d\u2019Fondsfuerrschung. D\u00ebs Struktur ass mat de verschiddene ELA Associatiounen verbonnen. ELA International Webs\u00e4it ELA International huet als Missioun national<span class=\"more-link\"><a href=\"https:\/\/ela-asso.lu\/lu\/ela-international\/\">Read More &rarr;<\/a><\/span><\/p>\n","protected":false},"author":1,"featured_media":0,"parent":0,"menu_order":0,"comment_status":"closed","ping_status":"closed","template":"","meta":{"two_page_speed":[]},"_links":{"self":[{"href":"https:\/\/ela-asso.lu\/lu\/wp-json\/wp\/v2\/pages\/92"}],"collection":[{"href":"https:\/\/ela-asso.lu\/lu\/wp-json\/wp\/v2\/pages"}],"about":[{"href":"https:\/\/ela-asso.lu\/lu\/wp-json\/wp\/v2\/types\/page"}],"author":[{"embeddable":true,"href":"https:\/\/ela-asso.lu\/lu\/wp-json\/wp\/v2\/users\/1"}],"replies":[{"embeddable":true,"href":"https:\/\/ela-asso.lu\/lu\/wp-json\/wp\/v2\/comments?post=92"}],"version-history":[{"count":10,"href":"https:\/\/ela-asso.lu\/lu\/wp-json\/wp\/v2\/pages\/92\/revisions"}],"predecessor-version":[{"id":1625,"href":"https:\/\/ela-asso.lu\/lu\/wp-json\/wp\/v2\/pages\/92\/revisions\/1625"}],"wp:attachment":[{"href":"https:\/\/ela-asso.lu\/lu\/wp-json\/wp\/v2\/media?parent=92"}],"curies":[{"name":"wp","href":"https:\/\/api.w.org\/{rel}","templated":true}]}}