{"id":936,"date":"2019-01-24T16:31:58","date_gmt":"2019-01-24T15:31:58","guid":{"rendered":"http:\/\/ela-asso.lu\/?page_id=936"},"modified":"2020-12-18T14:47:35","modified_gmt":"2020-12-18T13:47:35","slug":"temoignages-2","status":"publish","type":"page","link":"https:\/\/ela-asso.lu\/lu\/temoignages-2\/","title":{"rendered":"T\u00e9moignages"},"content":{"rendered":"<p>T\u00e9moignages \u00e0 venir\u2026<\/p>\n","protected":false},"excerpt":{"rendered":"<p>T\u00e9moignages \u00e0 venir\u2026<span class=\"more-link\"><a href=\"https:\/\/ela-asso.lu\/lu\/temoignages-2\/\">Read More &rarr;<\/a><\/span><\/p>\n","protected":false},"author":1,"featured_media":0,"parent":0,"menu_order":0,"comment_status":"closed","ping_status":"closed","template":"","meta":{"two_page_speed":[]},"_links":{"self":[{"href":"https:\/\/ela-asso.lu\/lu\/wp-json\/wp\/v2\/pages\/936"}],"collection":[{"href":"https:\/\/ela-asso.lu\/lu\/wp-json\/wp\/v2\/pages"}],"about":[{"href":"https:\/\/ela-asso.lu\/lu\/wp-json\/wp\/v2\/types\/page"}],"author":[{"embeddable":true,"href":"https:\/\/ela-asso.lu\/lu\/wp-json\/wp\/v2\/users\/1"}],"replies":[{"embeddable":true,"href":"https:\/\/ela-asso.lu\/lu\/wp-json\/wp\/v2\/comments?post=936"}],"version-history":[{"count":1,"href":"https:\/\/ela-asso.lu\/lu\/wp-json\/wp\/v2\/pages\/936\/revisions"}],"predecessor-version":[{"id":937,"href":"https:\/\/ela-asso.lu\/lu\/wp-json\/wp\/v2\/pages\/936\/revisions\/937"}],"wp:attachment":[{"href":"https:\/\/ela-asso.lu\/lu\/wp-json\/wp\/v2\/media?parent=936"}],"curies":[{"name":"wp","href":"https:\/\/api.w.org\/{rel}","templated":true}]}}